{"id":127,"date":"2023-06-05T14:43:15","date_gmt":"2023-06-05T12:43:15","guid":{"rendered":"https:\/\/www.unikin.ac.cd\/fac\/fpsysed\/?page_id=127"},"modified":"2024-03-24T19:42:19","modified_gmt":"2024-03-24T18:42:19","slug":"lentretien-psychologique-systematique-pour-les-couples-optant-pour-liad-huit-ans-dexperience-clinique-dans-une-legislation-prevoyant-la-levee-de-lanonymat-du-donne","status":"publish","type":"page","link":"https:\/\/www.unikin.ac.cd\/fac\/fpsysed\/?page_id=127","title":{"rendered":"L\u2019entretien psychologique syst\u00e9matique pour les couples optant pour l\u2019IAD: huit ans d\u2019exp\u00e9rience clinique dans une l\u00e9gislation pr\u00e9voyant la lev\u00e9e de l\u2019anonymat du donneur"},"content":{"rendered":"\n<h2 class=\"wp-block-heading\" id=\"Abs1\">R\u00e9sum\u00e9<\/h2>\n\n\n\n<p>Le d\u00e9veloppement de la loi sur la procr\u00e9ation m\u00e9dicalement assist\u00e9e (LPMA) en Suisse s\u2019est d\u00e9roul\u00e9 en plusieurs \u00e9tapes. En 1992, par votation populaire, les cantons et le peuple ont accept\u00e9 l\u2019article 24<sup>novies<\/sup>&nbsp;de la Constitution f\u00e9d\u00e9rale sur la protection de l\u2019homme et de son environnement contre les abus en mati\u00e8re de technique de procr\u00e9ation et de g\u00e9nie g\u00e9n\u00e9tique. La LPMA entra en vigueur en 2001 [<a href=\"https:\/\/link.springer.com\/chapter\/10.1007\/978-2-8178-0121-6_22#ref-CR1\">1<\/a>]. La procr\u00e9ation m\u00e9dicalement assist\u00e9e (PMA) est d\u00e9sormais subordonn\u00e9e au bien de l\u2019enfant (article 3), elle est r\u00e9serv\u00e9e aux couples qui, \u00aben consid\u00e9ration de leur \u00e2ge et de leur situation personnelle, paraissent \u00eatre \u00e0 m\u00eame d\u2019\u00e9lever l\u2019enfant jusqu\u2019\u00e0 sa majorit\u00e9 (article 3, alin\u00e9a 2b)\u00bb, et \u00abseul un couple mari\u00e9 peut recourir \u00e0 un don de sperme\u00bb (article 3, alin\u00e9a 3). De plus, \u00abune assistance psychologique doit \u00eatre offerte au couple avant, pendant et apr\u00e8s le traitement (article 6, alin\u00e9a 4)\u00bb. Concernant l\u2019ins\u00e9mination artifi cielle avec sperme de donneur (IAD), \u00abl\u2019enfant \u00e2g\u00e9 de 18 ans r\u00e9volus peut obtenir de l\u2019Office f\u00e9d\u00e9ral de l\u2019\u00e9tat civil des donn\u00e9es concernant l\u2019identit\u00e9 du donneur et son aspect physique (article 27, alin\u00e9a 1)\u00bb. \u00abLorsqu\u2019il peut faire valoir un int\u00e9r\u00eat l\u00e9gitime, l\u2019enfant, quel que soit son \u00e2ge, a le droit d\u2019obtenir toutes les donn\u00e9es relatives au donneur (alin\u00e9a 2)\u00bb. Selon le message du Conseil f\u00e9d\u00e9ral: \u00abL\u2019Office f\u00e9d\u00e9ral jouit d\u2019un pouvoir d\u2019appr\u00e9ciation, en ce sens qu\u2019il lui appartient de juger dans quelle mesure il doit, notamment pour des motifs de sant\u00e9, informer l\u2019enfant ou son repr\u00e9sentant l\u00e9gal sur les r\u00e9sultats des examens m\u00e9dicaux du donneur\u00bb [<a href=\"https:\/\/link.springer.com\/chapter\/10.1007\/978-2-8178-0121-6_22#ref-CR2\">2<\/a>].<\/p>\n","protected":false},"excerpt":{"rendered":"<p>R\u00e9sum\u00e9 Le d\u00e9veloppement de la loi sur la procr\u00e9ation m\u00e9dicalement assist\u00e9e (LPMA) en Suisse s\u2019est d\u00e9roul\u00e9 en plusieurs \u00e9tapes. En 1992, par votation populaire, les cantons et le peuple ont accept\u00e9 l\u2019article 24novies&nbsp;de la Constitution f\u00e9d\u00e9rale sur la protection de l\u2019homme et de son environnement contre les abus en mati\u00e8re de technique de procr\u00e9ation et&hellip; <br \/> <a class=\"read-more\" href=\"https:\/\/www.unikin.ac.cd\/fac\/fpsysed\/?page_id=127\">Lire la suite<\/a><\/p>\n","protected":false},"author":3,"featured_media":128,"parent":0,"menu_order":0,"comment_status":"closed","ping_status":"closed","template":"","meta":{"footnotes":""},"class_list":["post-127","page","type-page","status-publish","has-post-thumbnail","hentry"],"_links":{"self":[{"href":"https:\/\/www.unikin.ac.cd\/fac\/fpsysed\/index.php?rest_route=\/wp\/v2\/pages\/127"}],"collection":[{"href":"https:\/\/www.unikin.ac.cd\/fac\/fpsysed\/index.php?rest_route=\/wp\/v2\/pages"}],"about":[{"href":"https:\/\/www.unikin.ac.cd\/fac\/fpsysed\/index.php?rest_route=\/wp\/v2\/types\/page"}],"author":[{"embeddable":true,"href":"https:\/\/www.unikin.ac.cd\/fac\/fpsysed\/index.php?rest_route=\/wp\/v2\/users\/3"}],"replies":[{"embeddable":true,"href":"https:\/\/www.unikin.ac.cd\/fac\/fpsysed\/index.php?rest_route=%2Fwp%2Fv2%2Fcomments&post=127"}],"version-history":[{"count":1,"href":"https:\/\/www.unikin.ac.cd\/fac\/fpsysed\/index.php?rest_route=\/wp\/v2\/pages\/127\/revisions"}],"predecessor-version":[{"id":129,"href":"https:\/\/www.unikin.ac.cd\/fac\/fpsysed\/index.php?rest_route=\/wp\/v2\/pages\/127\/revisions\/129"}],"wp:featuredmedia":[{"embeddable":true,"href":"https:\/\/www.unikin.ac.cd\/fac\/fpsysed\/index.php?rest_route=\/wp\/v2\/media\/128"}],"wp:attachment":[{"href":"https:\/\/www.unikin.ac.cd\/fac\/fpsysed\/index.php?rest_route=%2Fwp%2Fv2%2Fmedia&parent=127"}],"curies":[{"name":"wp","href":"https:\/\/api.w.org\/{rel}","templated":true}]}}