{"id":158,"date":"2023-06-13T17:05:17","date_gmt":"2023-06-13T15:05:17","guid":{"rendered":"https:\/\/www.unikin.ac.cd\/fac\/fpsysed\/?page_id=158"},"modified":"2023-06-14T10:16:59","modified_gmt":"2023-06-14T08:16:59","slug":"horaires-des-cours-2","status":"publish","type":"page","link":"https:\/\/www.unikin.ac.cd\/fac\/fpsysed\/?page_id=158","title":{"rendered":"Horaires des cours"},"content":{"rendered":"\n<p>Pour conna\u00eetre les p\u00e9riodes des cours offerts \u00e0 l&rsquo;UdeM, planifier un trimestre ou pr\u00e9parer une demande d&rsquo;admission, faites une recherche en cliquant sur l&rsquo;encadr\u00e9 ci-dessous. Seuls les cours des trois ou quatre trimestres \u00e0 venir sont affich\u00e9s.<\/p>\n\n\n\n<p>Les r\u00e9sultats de recherche seront class\u00e9s par ordre alphab\u00e9tique des sigles de cours (ex: ANG pour Anglais). Pour faciliter la consultation, veuillez vous r\u00e9f\u00e9rer \u00e0 la l\u00e9gende des cours et \u00e0 la liste compl\u00e8te des sigles de cours :<\/p>\n\n\n\n<ul class=\"wp-block-list\">\n<li><a href=\"https:\/\/registraire.umontreal.ca\/etudes-et-services\/horaire-des-cours\/legende-cours\/\">L\u00e9gende des cours \u00e0 l&rsquo;horaire<\/a><\/li>\n\n\n\n<li><a href=\"https:\/\/registraire.umontreal.ca\/fileadmin\/registrariat\/documents\/Annuaires\/2018-2019\/SiglesCours_1erCycle_2018-2019.pdf\" target=\"_blank\" rel=\"noreferrer noopener\">Sigles des cours de 1<sup>er<\/sup>&nbsp;cycle<\/a><\/li>\n\n\n\n<li><a href=\"https:\/\/registraire.umontreal.ca\/fileadmin\/registrariat\/documents\/Annuaires\/2018-2019\/SiglesCours_EtudesSup_2018-2019.pdf\" target=\"_blank\" rel=\"noreferrer noopener\">Sigles des cours de cycles sup\u00e9rieurs<\/a><\/li>\n<\/ul>\n\n\n\n<figure class=\"wp-block-image size-full is-resized is-style-default\"><img fetchpriority=\"high\" decoding=\"async\" src=\"https:\/\/www.unikin.ac.cd\/fac\/fpsysed\/wp-content\/uploads\/2023\/06\/telechargement-1.jpg\" alt=\"\n\" class=\"wp-image-196\" width=\"656\" height=\"328\"\/><\/figure>\n\n\n\n<div class=\"wp-block-cover alignfull is-light\" style=\"min-height:100vh;aspect-ratio:unset;\"><span aria-hidden=\"true\" class=\"wp-block-cover__background has-background-dim-100 has-background-dim\" style=\"background-color:#ffffff\"><\/span><div class=\"wp-block-cover__inner-container is-layout-flow wp-block-cover-is-layout-flow\">\n<div class=\"wp-block-media-text alignwide is-stacked-on-mobile is-vertically-aligned-center is-image-fill\" style=\"grid-template-columns:56% auto\"><figure class=\"wp-block-media-text__media\" style=\"background-image:url(https:\/\/s.w.org\/images\/core\/5.8\/soil.jpg);background-position:50% 50%\"><img decoding=\"async\" src=\"https:\/\/s.w.org\/images\/core\/5.8\/soil.jpg\" alt=\"D\u00e9tail d\u2019une terre s\u00e8che, craquel\u00e9e.\"\/><\/figure><div class=\"wp-block-media-text__content\">\n<h2 class=\"wp-block-heading has-text-color\" style=\"color:#000000;font-size:32px\"><strong>Quel est le probl\u00e8me&nbsp;?<\/strong><\/h2>\n\n\n\n<p class=\"has-text-color\" style=\"color:#000000;font-size:17px\">Les arbres sont aujourd\u2019hui plus importants que jamais. Plus de 10 000 produits seraient fabriqu\u00e9s \u00e0 partir d\u2019arbres. Les proc\u00e9d\u00e9s chimiques permettent \u00e0 l\u2019humble tas de bois de produire des substances synth\u00e9tiques, des plastiques et des tissus qui d\u00e9passaient l\u2019entendement lorsqu\u2019une hache a abattu pour la premi\u00e8re fois un arbre du Texas.<\/p>\n\n\n\n<div class=\"wp-block-buttons is-layout-flex wp-block-buttons-is-layout-flex\">\n<div class=\"wp-block-button is-style-fill\"><a class=\"wp-block-button__link wp-element-button\">EN SAVOIR PLUS<\/a><\/div>\n<\/div>\n<\/div><\/div>\n<\/div><\/div>\n\n\n\n<div class=\"wp-block-cover alignfull is-light\" style=\"min-height:100vh;aspect-ratio:unset;\"><span aria-hidden=\"true\" class=\"wp-block-cover__background has-background-dim-100 has-background-dim\" style=\"background-color:#ffffff\"><\/span><div class=\"wp-block-cover__inner-container is-layout-flow wp-block-cover-is-layout-flow\">\n<div class=\"wp-block-media-text alignwide is-stacked-on-mobile is-vertically-aligned-center is-image-fill\" style=\"grid-template-columns:56% auto\"><figure class=\"wp-block-media-text__media\" style=\"background-image:url(https:\/\/s.w.org\/images\/core\/5.8\/soil.jpg);background-position:50% 50%\"><img decoding=\"async\" src=\"https:\/\/s.w.org\/images\/core\/5.8\/soil.jpg\" alt=\"D\u00e9tail d\u2019une terre s\u00e8che, craquel\u00e9e.\"\/><\/figure><div class=\"wp-block-media-text__content\">\n<h2 class=\"wp-block-heading has-text-color\" style=\"color:#000000;font-size:32px\"><strong>Quel est le probl\u00e8me&nbsp;?<\/strong><\/h2>\n\n\n\n<p class=\"has-text-color\" style=\"color:#000000;font-size:17px\">Les arbres sont aujourd\u2019hui plus importants que jamais. Plus de 10 000 produits seraient fabriqu\u00e9s \u00e0 partir d\u2019arbres. Les proc\u00e9d\u00e9s chimiques permettent \u00e0 l\u2019humble tas de bois de produire des substances synth\u00e9tiques, des plastiques et des tissus qui d\u00e9passaient l\u2019entendement lorsqu\u2019une hache a abattu pour la premi\u00e8re fois un arbre du Texas.<\/p>\n\n\n\n<div class=\"wp-block-buttons is-layout-flex wp-block-buttons-is-layout-flex\">\n<div class=\"wp-block-button is-style-fill\"><a class=\"wp-block-button__link wp-element-button\">EN SAVOIR PLUS<\/a><\/div>\n<\/div>\n<\/div><\/div>\n<\/div><\/div>\n\n\n\n<div class=\"wp-block-media-text alignwide is-stacked-on-mobile\"><figure class=\"wp-block-media-text__media\"><\/figure><div class=\"wp-block-media-text__content\">\n<p><\/p>\n<\/div><\/div>\n\n\n\n<ul class=\"wp-block-social-links is-layout-flex wp-block-social-links-is-layout-flex\"><\/ul>\n","protected":false},"excerpt":{"rendered":"<p>Pour conna\u00eetre les p\u00e9riodes des cours offerts \u00e0 l&rsquo;UdeM, planifier un trimestre ou pr\u00e9parer une demande d&rsquo;admission, faites une recherche en cliquant sur l&rsquo;encadr\u00e9 ci-dessous. Seuls les cours des trois ou quatre trimestres \u00e0 venir sont affich\u00e9s. Les r\u00e9sultats de recherche seront class\u00e9s par ordre alphab\u00e9tique des sigles de cours (ex: ANG pour Anglais). Pour&hellip; <br \/> <a class=\"read-more\" href=\"https:\/\/www.unikin.ac.cd\/fac\/fpsysed\/?page_id=158\">Lire la suite<\/a><\/p>\n","protected":false},"author":3,"featured_media":0,"parent":0,"menu_order":1,"comment_status":"closed","ping_status":"closed","template":"","meta":{"footnotes":""},"class_list":["post-158","page","type-page","status-publish","hentry"],"_links":{"self":[{"href":"https:\/\/www.unikin.ac.cd\/fac\/fpsysed\/index.php?rest_route=\/wp\/v2\/pages\/158"}],"collection":[{"href":"https:\/\/www.unikin.ac.cd\/fac\/fpsysed\/index.php?rest_route=\/wp\/v2\/pages"}],"about":[{"href":"https:\/\/www.unikin.ac.cd\/fac\/fpsysed\/index.php?rest_route=\/wp\/v2\/types\/page"}],"author":[{"embeddable":true,"href":"https:\/\/www.unikin.ac.cd\/fac\/fpsysed\/index.php?rest_route=\/wp\/v2\/users\/3"}],"replies":[{"embeddable":true,"href":"https:\/\/www.unikin.ac.cd\/fac\/fpsysed\/index.php?rest_route=%2Fwp%2Fv2%2Fcomments&post=158"}],"version-history":[{"count":4,"href":"https:\/\/www.unikin.ac.cd\/fac\/fpsysed\/index.php?rest_route=\/wp\/v2\/pages\/158\/revisions"}],"predecessor-version":[{"id":201,"href":"https:\/\/www.unikin.ac.cd\/fac\/fpsysed\/index.php?rest_route=\/wp\/v2\/pages\/158\/revisions\/201"}],"wp:attachment":[{"href":"https:\/\/www.unikin.ac.cd\/fac\/fpsysed\/index.php?rest_route=%2Fwp%2Fv2%2Fmedia&parent=158"}],"curies":[{"name":"wp","href":"https:\/\/api.w.org\/{rel}","templated":true}]}}