{"id":1605,"date":"2024-02-12T23:23:23","date_gmt":"2024-02-12T22:23:23","guid":{"rendered":"https:\/\/www.unikin.ac.cd\/fac\/fpsysed\/?page_id=1605"},"modified":"2024-03-24T21:13:34","modified_gmt":"2024-03-24T20:13:34","slug":"departement-dagregation","status":"publish","type":"page","link":"https:\/\/www.unikin.ac.cd\/fac\/fpsysed\/?page_id=1605","title":{"rendered":"D\u00e9partement d&rsquo;Agr\u00e9gation"},"content":{"rendered":"\n<p class=\"has-luminous-vivid-orange-color has-text-color has-link-color has-large-font-size wp-elements-6c7d563e167c03c120a5d4de1b2e3d32\"><strong>Les Agr\u00e9g\u00e9s s&rsquo;appliquent sur terrain<\/strong><\/p>\n\n\n\n<p class=\"has-text-align-left has-medium-font-size\">Le programme de l&rsquo;Agr\u00e9gation de l&rsquo;enseignement secondaire sup\u00e9rieur (AESS) en sciences psychologiques et de l&rsquo;\u00e9ducation&nbsp;<strong>s&rsquo;adresse aux personnes qui souhaitent enseigner au niveau de l&rsquo;enseignement secondaire sup\u00e9rieur<\/strong>. Il donne acc\u00e8s au grade d&rsquo;Agr\u00e9g\u00e9 de l&rsquo;enseignement secondaire sup\u00e9rieur.<\/p>\n","protected":false},"excerpt":{"rendered":"<p>Les Agr\u00e9g\u00e9s s&rsquo;appliquent sur terrain Le programme de l&rsquo;Agr\u00e9gation de l&rsquo;enseignement secondaire sup\u00e9rieur (AESS) en sciences psychologiques et de l&rsquo;\u00e9ducation&nbsp;s&rsquo;adresse aux personnes qui souhaitent enseigner au niveau de l&rsquo;enseignement secondaire sup\u00e9rieur. Il donne acc\u00e8s au grade d&rsquo;Agr\u00e9g\u00e9 de l&rsquo;enseignement secondaire sup\u00e9rieur.<\/p>\n","protected":false},"author":3,"featured_media":1654,"parent":0,"menu_order":0,"comment_status":"closed","ping_status":"closed","template":"","meta":{"footnotes":""},"class_list":["post-1605","page","type-page","status-publish","has-post-thumbnail","hentry"],"_links":{"self":[{"href":"https:\/\/www.unikin.ac.cd\/fac\/fpsysed\/index.php?rest_route=\/wp\/v2\/pages\/1605"}],"collection":[{"href":"https:\/\/www.unikin.ac.cd\/fac\/fpsysed\/index.php?rest_route=\/wp\/v2\/pages"}],"about":[{"href":"https:\/\/www.unikin.ac.cd\/fac\/fpsysed\/index.php?rest_route=\/wp\/v2\/types\/page"}],"author":[{"embeddable":true,"href":"https:\/\/www.unikin.ac.cd\/fac\/fpsysed\/index.php?rest_route=\/wp\/v2\/users\/3"}],"replies":[{"embeddable":true,"href":"https:\/\/www.unikin.ac.cd\/fac\/fpsysed\/index.php?rest_route=%2Fwp%2Fv2%2Fcomments&post=1605"}],"version-history":[{"count":2,"href":"https:\/\/www.unikin.ac.cd\/fac\/fpsysed\/index.php?rest_route=\/wp\/v2\/pages\/1605\/revisions"}],"predecessor-version":[{"id":1662,"href":"https:\/\/www.unikin.ac.cd\/fac\/fpsysed\/index.php?rest_route=\/wp\/v2\/pages\/1605\/revisions\/1662"}],"wp:featuredmedia":[{"embeddable":true,"href":"https:\/\/www.unikin.ac.cd\/fac\/fpsysed\/index.php?rest_route=\/wp\/v2\/media\/1654"}],"wp:attachment":[{"href":"https:\/\/www.unikin.ac.cd\/fac\/fpsysed\/index.php?rest_route=%2Fwp%2Fv2%2Fmedia&parent=1605"}],"curies":[{"name":"wp","href":"https:\/\/api.w.org\/{rel}","templated":true}]}}