{"id":1648,"date":"2024-03-24T20:05:03","date_gmt":"2024-03-24T19:05:03","guid":{"rendered":"https:\/\/www.unikin.ac.cd\/fac\/fpsysed\/?page_id=1648"},"modified":"2024-03-24T20:58:57","modified_gmt":"2024-03-24T19:58:57","slug":"les-agreges-sappliquent-aux-acquis-sur-terrain","status":"publish","type":"page","link":"https:\/\/www.unikin.ac.cd\/fac\/fpsysed\/?page_id=1648","title":{"rendered":"Les Agr\u00e9g\u00e9s s&rsquo;appliquent sur terrain"},"content":{"rendered":"\n<p class=\"has-text-align-left has-medium-font-size\">Le programme de l&rsquo;Agr\u00e9gation de l&rsquo;enseignement secondaire sup\u00e9rieur (AESS) en sciences psychologiques et de l&rsquo;\u00e9ducation\u00a0<strong>s&rsquo;adresse aux personnes qui souhaitent enseigner au niveau de l&rsquo;enseignement secondaire sup\u00e9rieur<\/strong>. Il donne acc\u00e8s au grade d&rsquo;Agr\u00e9g\u00e9 de l&rsquo;enseignement secondaire sup\u00e9rieur.<\/p>\n","protected":false},"excerpt":{"rendered":"<p>Le programme de l&rsquo;Agr\u00e9gation de l&rsquo;enseignement secondaire sup\u00e9rieur (AESS) en sciences psychologiques et de l&rsquo;\u00e9ducation\u00a0s&rsquo;adresse aux personnes qui souhaitent enseigner au niveau de l&rsquo;enseignement secondaire sup\u00e9rieur. Il donne acc\u00e8s au grade d&rsquo;Agr\u00e9g\u00e9 de l&rsquo;enseignement secondaire sup\u00e9rieur.<\/p>\n","protected":false},"author":3,"featured_media":1649,"parent":130,"menu_order":0,"comment_status":"closed","ping_status":"closed","template":"","meta":{"footnotes":""},"class_list":["post-1648","page","type-page","status-publish","has-post-thumbnail","hentry"],"_links":{"self":[{"href":"https:\/\/www.unikin.ac.cd\/fac\/fpsysed\/index.php?rest_route=\/wp\/v2\/pages\/1648"}],"collection":[{"href":"https:\/\/www.unikin.ac.cd\/fac\/fpsysed\/index.php?rest_route=\/wp\/v2\/pages"}],"about":[{"href":"https:\/\/www.unikin.ac.cd\/fac\/fpsysed\/index.php?rest_route=\/wp\/v2\/types\/page"}],"author":[{"embeddable":true,"href":"https:\/\/www.unikin.ac.cd\/fac\/fpsysed\/index.php?rest_route=\/wp\/v2\/users\/3"}],"replies":[{"embeddable":true,"href":"https:\/\/www.unikin.ac.cd\/fac\/fpsysed\/index.php?rest_route=%2Fwp%2Fv2%2Fcomments&post=1648"}],"version-history":[{"count":2,"href":"https:\/\/www.unikin.ac.cd\/fac\/fpsysed\/index.php?rest_route=\/wp\/v2\/pages\/1648\/revisions"}],"predecessor-version":[{"id":1657,"href":"https:\/\/www.unikin.ac.cd\/fac\/fpsysed\/index.php?rest_route=\/wp\/v2\/pages\/1648\/revisions\/1657"}],"up":[{"embeddable":true,"href":"https:\/\/www.unikin.ac.cd\/fac\/fpsysed\/index.php?rest_route=\/wp\/v2\/pages\/130"}],"wp:featuredmedia":[{"embeddable":true,"href":"https:\/\/www.unikin.ac.cd\/fac\/fpsysed\/index.php?rest_route=\/wp\/v2\/media\/1649"}],"wp:attachment":[{"href":"https:\/\/www.unikin.ac.cd\/fac\/fpsysed\/index.php?rest_route=%2Fwp%2Fv2%2Fmedia&parent=1648"}],"curies":[{"name":"wp","href":"https:\/\/api.w.org\/{rel}","templated":true}]}}