{"id":2019,"date":"2024-05-05T20:42:34","date_gmt":"2024-05-05T18:42:34","guid":{"rendered":"https:\/\/www.unikin.ac.cd\/fac\/fpsysed\/?page_id=2019"},"modified":"2025-10-05T21:29:05","modified_gmt":"2025-10-05T19:29:05","slug":"inscriptions","status":"publish","type":"page","link":"https:\/\/www.unikin.ac.cd\/fac\/fpsysed\/?page_id=2019","title":{"rendered":"Inscriptions"},"content":{"rendered":"\t\t<div data-elementor-type=\"wp-page\" data-elementor-id=\"2019\" class=\"elementor elementor-2019\">\n\t\t\t\t<div class=\"elementor-element elementor-element-31c08c7d e-flex e-con-boxed e-con e-parent\" data-id=\"31c08c7d\" data-element_type=\"container\">\n\t\t\t\t\t<div class=\"e-con-inner\">\n\t\t\t\t<div class=\"elementor-element elementor-element-27b70807 elementor-widget elementor-widget-text-editor\" data-id=\"27b70807\" data-element_type=\"widget\" data-widget_type=\"text-editor.default\">\n\t\t\t\t<div class=\"elementor-widget-container\">\n\t\t\t<style>\/*! elementor - v3.21.0 - 08-05-2024 *\/\n.elementor-widget-text-editor.elementor-drop-cap-view-stacked .elementor-drop-cap{background-color:#69727d;color:#fff}.elementor-widget-text-editor.elementor-drop-cap-view-framed .elementor-drop-cap{color:#69727d;border:3px solid;background-color:transparent}.elementor-widget-text-editor:not(.elementor-drop-cap-view-default) .elementor-drop-cap{margin-top:8px}.elementor-widget-text-editor:not(.elementor-drop-cap-view-default) .elementor-drop-cap-letter{width:1em;height:1em}.elementor-widget-text-editor .elementor-drop-cap{float:left;text-align:center;line-height:1;font-size:50px}.elementor-widget-text-editor .elementor-drop-cap-letter{display:inline-block}<\/style>\t\t\t\t<p><!-- wp:paragraph {\"style\":{\"typography\":{\"fontSize\":\"25px\"}}} --><\/p>\n<p style=\"font-size: 25px;\"><strong>Inscription \u00e0 l\u2019Universit\u00e9 de Kinshasa (UNIKIN) Pour l\u2019Ann\u00e9e Acad\u00e9mique 2025-2026<\/strong><\/p>\n<p><!-- \/wp:paragraph --><\/p>\n<p><!-- wp:heading {\"fontSize\":\"medium\"} --><\/p>\n<h2>Communiqu\u00e9 N\u00b0241\/2025<\/h2>\n<p><!-- \/wp:heading --><\/p>\n<p><!-- wp:paragraph --><\/p>\n<p>Le Secr\u00e9taire G\u00e9n\u00e9ral Acad\u00e9mique de l\u2019Universit\u00e9 de Kinshasa informe le public qu\u2019en attendant la fixation du calendrier acad\u00e9mique 2023-2024 par la tutelle, les op\u00e9rations des inscriptions pour l\u2019ann\u00e9e acad\u00e9mique 2023-2024 d\u00e9butent le lundi 09 Octobre 2023.<\/p>\n<p><!-- \/wp:paragraph --><\/p>\n<p><!-- wp:paragraph --><\/p>\n<p>LES CANDIDATS D\u00c9SIREUX D\u2019OBTENIR L\u2019INSCRITPION \u00c0 L\u2019UNIKIN SONT APPELES A\u00a0:<\/p>\n<p><!-- \/wp:paragraph --><\/p>\n<p><!-- wp:list {\"ordered\":true} --><\/p>\n<ol>\n<li style=\"list-style-type: none;\">\n<ol><!-- wp:list-item --><\/ol>\n<\/li>\n<\/ol>\n<p>\u00a0<\/p>\n<ol>\n<li style=\"list-style-type: none;\">\n<ol>\n<li>REMPILR LE FORMULAIRE DE DEMANDE D\u2019INSCRIPTION EN LIGNE\u00a0 A L\u2019ADRESSE EN\u00a0<a href=\"http:\/\/inscription.sgac.educ.cd\/\" target=\"_blank\" rel=\"noreferrer noopener\"><strong>CLIQUANT ICI<\/strong><\/a><strong>;<\/strong><\/li>\n<\/ol>\n<\/li>\n<\/ol>\n<p><!-- \/wp:list-item --><\/p>\n<p><!-- wp:list-item --><\/p>\n<ol>\n<li style=\"list-style-type: none;\">\n<ol>\n<li>SE PR\u00c9SENTER \u00c0 LA DIRECTION DES SERVICES ACADEMIQUES POUR LEGALISATION DES TITRES SCOLAIRES ;<\/li>\n<\/ol>\n<\/li>\n<\/ol>\n<p><!-- \/wp:list-item --><\/p>\n<p><!-- wp:list-item --><\/p>\n<ol>\n<li style=\"list-style-type: none;\">\n<ol>\n<li>DEPOSER LE DOSSIER ET RETRAIT DU RECEPISSE DU DOSSIER A\u00a0L\u2019APPARITORAT CENTRAL;<\/li>\n<\/ol>\n<\/li>\n<\/ol>\n<p><!-- \/wp:list-item --><\/p>\n<p><!-- wp:list-item --><\/p>\n<ol>\n<li>SE PR\u00c9SENTER DANS LES DIFF\u00c9RENTES FACULT\u00c9S POUR SE FAIRE ENREGISTRER AU CONCOURS D\u2019ADMISSION.<\/li>\n<\/ol>\n<div>\u00a0<\/div>\n<div>\n<p style=\"margin-bottom: 10px; color: #8b8d94; font-family: Roboto, Helvetica, Arial, Verdana, sans-serif;\">Apr\u00e8s avoir rempli toutes les formalit\u00e9s, les candidats ayant obtenu moins de 60 % aux examens d\u2019Etat devront se pr\u00e9senter dans les diff\u00e9rentes facult\u00e9s de leur choix pour le concours d\u2019admission.<\/p>\n<p style=\"color: #8b8d94; font-family: Roboto, Helvetica, Arial, Verdana, sans-serif;\">NB : Apr\u00e8s avoir pay\u00e9 les frais d\u2019inscription \u00e0 la banque et obtenu le certificat d\u2019aptitude physique,\u00a0<a style=\"text-decoration-line: underline; color: var(--the7-links-color);\" href=\"https:\/\/unikin.optsolution.net\/forms\" target=\"_blank\" rel=\"noopener\">cliquez ici<\/a>\u00a0pour joindre tous les\u00a0<a style=\"text-decoration-line: underline; color: var(--the7-links-color);\" href=\"https:\/\/unikin.optsolution.net\/forms\" target=\"_blank\" rel=\"noopener\">\u00e9l\u00e9ments constitutifs du dossier\u00a0d\u2019inscription<\/a>.<\/p>\n<\/div>\n<p><!-- \/wp:list-item --><\/p>\n<p><!-- \/wp:list --><\/p>\n<p><!-- wp:separator --><\/p>\n<hr \/>\n<p><!-- \/wp:separator --><\/p>\n<p><!-- wp:group {\"layout\":{\"type\":\"constrained\"}} --><\/p>\n<div>\n<p><!-- wp:columns {\"verticalAlignment\":null} --><\/p>\n<div>\n<p><!-- wp:column --><\/p>\n<div>\n<p><!-- wp:paragraph {\"style\":{\"elements\":{\"link\":{\"color\":{\"text\":\"var:preset|color|black\"}}}},\"backgroundColor\":\"white\",\"textColor\":\"black\"} --><\/p>\n<p><strong>I. INSCRIPTIONS ORDINAIRES (CLASSES DE RECRUTEMENT)<\/strong><\/p>\n<p>\u00a0Formalit\u00e9s \u00e0 remplir pour l\u2019inscription \u00e0 l\u2019UNIKIN Le Secr\u00e9taire G\u00e9n\u00e9ral Acad\u00e9mique de l\u2019Universit\u00e9 de Kinshasa informe le public que, en attendant la fixation du calendrier acad\u00e9mique 2025-2026 par la tutelle, les inscriptions pour l\u2019ann\u00e9e acad\u00e9mique 2025-2026 d\u00e9butent le vendredi 8 ao\u00fbt 2025, conform\u00e9ment au chronogramme en annexe. Les inscriptions se font en ligne. Les candidats qui souhaitent s\u2019inscrire \u00e0 l\u2019UNIKIN doivent :<\/p>\n<p>Consulter le site <a href=\"http:\/\/www.unikin.ac.cd\/\">www.unikin.ac.cd<\/a>. Lire les instructions relatives \u00e0 l\u2019inscription et remplir le formulaire en cliquant sur \u00ab Inscription \u00bb. Apr\u00e8s avoir rempli toutes les formalit\u00e9s, les candidats ayant obtenu moins de 60 % aux examens d\u2019\u00c9tat, \u00e0 l\u2019exception des facult\u00e9s de M\u00e9decine, M\u00e9decine Dentaire, Polytechnique, et du d\u00e9partement de Math-Info., devront se pr\u00e9senter dans les diff\u00e9rentes facult\u00e9s de leur choix pour le concours d\u2019admission.<\/p>\n<p>INSCRIPTIONS ORDINAIRES Versement : 145 000 Francs Congolais pour les frais d\u2019inscription, \u00e0 verser soit \u00e0 la Rawbank (compte N\u00b0 01006829946-86 CDF), soit \u00e0 Equity BCDC (compte N\u00b0 04101-00001017289-18 CDF), ou encore \u00e0 Access Bank (N\u00b0 00214098184-03). Le candidat doit t\u00e9l\u00e9charger et imprimer un formulaire pr\u00e9-rempli avec un QR Code \u00e0 pr\u00e9senter \u00e0 la banque pour le paiement.<\/p>\n<p>\u00c9L\u00c9MENTS CONSTITUTIFS DU DOSSIER D\u2019INSCRIPTION :<\/p>\n<ul>\n<li>TITRE SCOLAIRE<\/li>\n<li>PHOTO PASSEPORT<\/li>\n<li>BULLETINS 4, 5\u00b0 ET 6* SECONDAIRE<\/li>\n<li>ATTESTATION DE BONNE VIE ET MCEURS<\/li>\n<li>ATTESTATION DE NAISSANCE<\/li>\n<li>CERTIFICAT D&rsquo;APTITUDE PHYSIQUE<\/li>\n<li>PIECE D&rsquo;IDENTITE \u00c0 l\u2019exception de la photo passeport (format JPG, JPEG ou PNG), tous les autres documents doivent \u00eatre au format PDF et ne peuvent pas d\u00e9passer 5 Mo. Le candidat doit renseigner une adresse e-mail valide et un num\u00e9ro de t\u00e9l\u00e9phone op\u00e9rationnel au format +243XXXXXXXXX.<\/li>\n<\/ul>\n<p>\u00c0 l\u2019exception des facult\u00e9s de M\u00e9decine, M\u00e9decine Dentaire, Polytechnique, ainsi que du d\u00e9partement de Math-Info en Sciences et Technologies, o\u00f9 le concours est obligatoire, les candidats ayant obtenu moins de 60 % doivent se pr\u00e9senter dans les diff\u00e9rentes facult\u00e9s pour s\u2019enregistrer au concours d\u2019admission. Les dispositions pratiques seront affich\u00e9es dans les valves des facult\u00e9s.<\/p>\n<p>INSCRIPTION SP\u00c9CIALE \u00c9l\u00e9ments constitutifs du dossier : relev\u00e9s de cotes des ann\u00e9es ant\u00e9rieures l\u00e9galis\u00e9s et un titre scolaire ou acad\u00e9mique. N.B. :<\/p>\n<p>Il n\u2019y a pas d\u2019inscription sp\u00e9ciale en promotion terminale.<\/p>\n<p>III. REINSCRIPTION OU REINTEGRATION<\/p>\n<p>\u00c9l\u00e9ments constitutifs du dossier : relev\u00e9s de cotes des ann\u00e9es ant\u00e9rieures et un titre scolaire ou acad\u00e9mique. Pour votre demande d\u2019inscription <a href=\"https:\/\/gafac.cd\/inscriptions-en-ligne-2025-2026\">Veuillez cliquer sur ce lien<\/a><\/p>\n<p><!-- \/wp:paragraph --><\/p>\n<p><!-- wp:list {\"ordered\":true,\"start\":1,\"style\":{\"elements\":{\"link\":{\"color\":{\"text\":\"var:preset|color|vivid-red\"}}},\"color\":{\"background\":\"#a2d2f0\"}},\"textColor\":\"vivid-red\"} --><\/p>\n<ol style=\"background-color: #a2d2f0;\" start=\"1\">\n<li style=\"list-style-type: none;\">\n<ol style=\"background-color: #a2d2f0;\" start=\"1\"><!-- wp:list-item --><\/ol>\n<\/li>\n<\/ol>\n<ol style=\"background-color: #a2d2f0;\" start=\"1\">\n<li style=\"list-style-type: none;\">\u00a0<\/li>\n<\/ol>\n<p><!-- \/wp:list-item --><\/p>\n<p><!-- \/wp:list --><\/p>\n<p><!-- wp:paragraph --><\/p>\n<p><strong>II. INSCRIPTIONS SPECIALES<\/strong><\/p>\n<\/div>\n<div>\n<p><!-- \/wp:paragraph --><\/p>\n<p><!-- wp:list --><\/p>\n<ul>\n<li style=\"list-style-type: none;\">\n<ul><!-- wp:list-item --><\/ul>\n<\/li>\n<\/ul>\n<ul>\n<li style=\"list-style-type: none;\">\n<ul>\n<li>Achat de Fiche d&rsquo;Inscription \u00e0 la comptabilit\u00e9<\/li>\n<\/ul>\n<\/li>\n<\/ul>\n<p><!-- \/wp:list-item --><\/p>\n<p><!-- wp:list-item --><\/p>\n<ul>\n<li style=\"list-style-type: none;\">\n<ul>\n<li>Lettre de Demande d&rsquo;Inscription adress\u00e9 au Chef de D\u00e9partement solliciter<\/li>\n<\/ul>\n<\/li>\n<\/ul>\n<p><!-- \/wp:list-item --><\/p>\n<p><!-- wp:list-item --><\/p>\n<ul>\n<li style=\"list-style-type: none;\">\n<ul>\n<li>Relev\u00e9s de cotes des ann\u00e9es ant\u00e9rieures<\/li>\n<\/ul>\n<\/li>\n<\/ul>\n<p><!-- \/wp:list-item --><\/p>\n<p><!-- wp:list-item --><\/p>\n<ul>\n<li style=\"list-style-type: none;\">\n<ul>\n<li>Titre scolaire ou acad\u00e9mique l\u00e9galis\u00e9<\/li>\n<\/ul>\n<\/li>\n<\/ul>\n<p><!-- \/wp:list-item --><\/p>\n<p><!-- wp:list-item --><\/p>\n<ul>\n<li style=\"list-style-type: none;\">\n<ul>\n<li><strong>(\u00e0 pr\u00e9senter les copies de chaque \u00e9l\u00e9ment pour former un dossier et \u00e0 d\u00e9poser \u00e0 l&rsquo;Apparitorat de la Facult\u00e9)<\/strong><\/li>\n<\/ul>\n<\/li>\n<\/ul>\n<p><!-- \/wp:list-item --><\/p>\n<p><!-- \/wp:list --><\/p>\n<p><!-- wp:separator --><\/p>\n<hr \/>\n<p><!-- \/wp:separator --><\/p>\n<p><!-- wp:paragraph --><\/p>\n<p><strong>N.B. : Il n\u2019y a pas d\u2019inscription sp\u00e9ciale en promotion terminale<\/strong>.<\/p>\n<p><!-- \/wp:paragraph --><\/p>\n<p><!-- wp:heading {\"style\":{\"typography\":{\"fontSize\":\"20px\"}},\"backgroundColor\":\"white\"} --><\/p>\n<h2 style=\"font-size: 20px;\"><strong><strong><strong>III. INSCRIPTION AU 3\u00e8me CYCLE<\/strong><\/strong><\/strong><\/h2>\n<h2 style=\"font-size: 20px;\"><span style=\"font-size: 12pt; line-height: 115%; font-family: Roboto;\">Achat de Fiche d&rsquo;Inscription \u00e0 la comptabilit\u00e9, <\/span><!-- [if !supportLists]--><span style=\"font-size: 12pt; line-height: 115%; font-family: Roboto;\">Lettre de Demande d&rsquo;Inscription adress\u00e9 au Chef de D\u00e9partement Solliciter, <\/span><!--[endif]--><span style=\"font-size: 12pt; line-height: 115%; font-family: Roboto;\">Curriculum Vitae (C.V), <\/span><!-- [if !supportLists]--><span style=\"font-size: 12pt; line-height: 115%; font-family: Roboto;\">Dipl\u00f4me d&rsquo;\u00c9tat, Attestation, <\/span><!--[endif]--><span style=\"font-size: 12pt; line-height: 115%; font-family: Roboto;\">Relev\u00e9s de cotes des ann\u00e9es ant\u00e9rieures , <\/span><!--[endif]--><span style=\"font-size: 12pt; line-height: 115%; font-family: Roboto;\">Attestation de nationalit\u00e9 <\/span><span style=\"font-size: 12pt; line-height: 115%; font-family: Roboto;\">Bonne vie et m\u0153urs, <\/span><!--[endif]--><span style=\"font-size: 12pt; line-height: 115%; font-family: Roboto;\">Attitude physique , <\/span><span style=\"font-size: 12pt; line-height: 115%; font-family: Roboto;\">Attestation de r\u00e9sidence<\/span><\/h2>\n<p><!-- \/wp:heading --><\/p>\n<p><!-- wp:list --><\/p>\n<ul>\n<li style=\"list-style-type: none;\">\n<ul><!-- wp:list-item --><\/ul>\n<\/li>\n<\/ul>\n<p><!-- \/wp:list-item --><\/p>\n<p><!-- wp:list-item --><\/p>\n<p><strong>(\u00e0 pr\u00e9senter les copies de chaque \u00e9l\u00e9ment pour former un dossier et \u00e0 d\u00e9poser au pr\u00eat de Vice-doyen charg\u00e9e \u00e0 la Recherche, VDR en sigle pour arracher le signature.)<\/strong><\/p>\n<p><!-- \/wp:list-item --><\/p>\n<p><!-- \/wp:list --><\/p>\n<p><!-- wp:heading {\"backgroundColor\":\"white\",\"fontSize\":\"medium\"} --><\/p>\n<h2><strong><strong>IV. INSCRIPTION AU DOCTORAT<\/strong><\/strong><\/h2>\n<p><!-- \/wp:heading --><\/p>\n<\/div>\n<p><!-- \/wp:column --><\/p>\n<\/div>\n<p><!-- \/wp:columns --><\/p>\n<\/div>\n<p><!-- \/wp:group --><\/p>\t\t\t\t\t\t<\/div>\n\t\t\t\t<\/div>\n\t\t\t\t\t<\/div>\n\t\t\t\t<\/div>\n\t\t<div class=\"elementor-element elementor-element-6c53577 e-flex e-con-boxed e-con e-parent\" data-id=\"6c53577\" data-element_type=\"container\">\n\t\t\t\t\t<div class=\"e-con-inner\">\n\t\t\t\t<div class=\"elementor-element elementor-element-cadd2d8 elementor-arrows-position-inside elementor-pagination-position-outside elementor-widget elementor-widget-image-carousel\" data-id=\"cadd2d8\" data-element_type=\"widget\" data-settings=\"{&quot;navigation&quot;:&quot;both&quot;,&quot;autoplay&quot;:&quot;yes&quot;,&quot;pause_on_hover&quot;:&quot;yes&quot;,&quot;pause_on_interaction&quot;:&quot;yes&quot;,&quot;autoplay_speed&quot;:5000,&quot;infinite&quot;:&quot;yes&quot;,&quot;speed&quot;:500}\" data-widget_type=\"image-carousel.default\">\n\t\t\t\t<div class=\"elementor-widget-container\">\n\t\t\t<style>\/*! elementor - v3.21.0 - 08-05-2024 *\/\n.elementor-widget-image-carousel .swiper,.elementor-widget-image-carousel .swiper-container{position:static}.elementor-widget-image-carousel .swiper-container .swiper-slide figure,.elementor-widget-image-carousel .swiper .swiper-slide figure{line-height:inherit}.elementor-widget-image-carousel .swiper-slide{text-align:center}.elementor-image-carousel-wrapper:not(.swiper-container-initialized):not(.swiper-initialized) .swiper-slide{max-width:calc(100% \/ var(--e-image-carousel-slides-to-show, 3))}<\/style>\t\t<div class=\"elementor-image-carousel-wrapper swiper\" dir=\"ltr\">\n\t\t\t<div class=\"elementor-image-carousel swiper-wrapper swiper-image-stretch\" aria-live=\"off\">\n\t\t\t\t\t\t\t\t<div class=\"swiper-slide\" role=\"group\" aria-roledescription=\"slide\" aria-label=\"1 sur 6\"><figure class=\"swiper-slide-inner\"><img decoding=\"async\" class=\"swiper-slide-image\" src=\"https:\/\/www.unikin.ac.cd\/fac\/fpsysed\/wp-content\/uploads\/2024\/05\/cropped-WhatsApp-Image-2024-04-18-a-13.06.09_b21f3ca8-300x199.jpg\" alt=\"cropped-WhatsApp-Image-2024-04-18-a-13.06.09_b21f3ca8.jpg\" \/><\/figure><\/div><div class=\"swiper-slide\" role=\"group\" aria-roledescription=\"slide\" aria-label=\"2 sur 6\"><figure class=\"swiper-slide-inner\"><img decoding=\"async\" class=\"swiper-slide-image\" src=\"https:\/\/www.unikin.ac.cd\/fac\/fpsysed\/wp-content\/uploads\/2024\/05\/WhatsApp-Image-2024-02-10-at-20.45.25-300x225.jpeg\" alt=\"WhatsApp Image 2024-02-10 at 20.45.25\" \/><\/figure><\/div><div class=\"swiper-slide\" role=\"group\" aria-roledescription=\"slide\" aria-label=\"3 sur 6\"><figure class=\"swiper-slide-inner\"><img decoding=\"async\" class=\"swiper-slide-image\" src=\"https:\/\/www.unikin.ac.cd\/fac\/fpsysed\/wp-content\/uploads\/2024\/04\/IMG_20230908_111424_655-300x225.jpg\" alt=\"Exif_JPEG_420\" \/><\/figure><\/div><div class=\"swiper-slide\" role=\"group\" aria-roledescription=\"slide\" aria-label=\"4 sur 6\"><figure class=\"swiper-slide-inner\"><img decoding=\"async\" class=\"swiper-slide-image\" src=\"https:\/\/www.unikin.ac.cd\/fac\/fpsysed\/wp-content\/uploads\/2024\/05\/cropped-WhatsApp-Image-2024-05-05-a-08.30.34_27689418-300x199.jpg\" alt=\"cropped-WhatsApp-Image-2024-05-05-a-08.30.34_27689418.jpg\" \/><\/figure><\/div><div class=\"swiper-slide\" role=\"group\" aria-roledescription=\"slide\" aria-label=\"5 sur 6\"><figure class=\"swiper-slide-inner\"><img decoding=\"async\" class=\"swiper-slide-image\" src=\"https:\/\/www.unikin.ac.cd\/fac\/fpsysed\/wp-content\/uploads\/2024\/04\/cropped-IMG_20230908_111424_655-scaled-2-300x300.jpg\" alt=\"Exif_JPEG_420\" \/><\/figure><\/div><div class=\"swiper-slide\" role=\"group\" aria-roledescription=\"slide\" aria-label=\"6 sur 6\"><figure class=\"swiper-slide-inner\"><img decoding=\"async\" class=\"swiper-slide-image\" src=\"https:\/\/www.unikin.ac.cd\/fac\/fpsysed\/wp-content\/uploads\/2024\/04\/296fb4c_1658616689223-5ebe5bfe2200007d15828c86-300x200.jpeg\" alt=\"296fb4c_1658616689223-5ebe5bfe2200007d15828c86\" \/><\/figure><\/div>\t\t\t<\/div>\n\t\t\t\t\t\t\t\t\t\t\t\t<div class=\"elementor-swiper-button elementor-swiper-button-prev\" role=\"button\" tabindex=\"0\">\n\t\t\t\t\t\t<svg aria-hidden=\"true\" class=\"e-font-icon-svg e-eicon-chevron-left\" viewBox=\"0 0 1000 1000\" xmlns=\"http:\/\/www.w3.org\/2000\/svg\"><path d=\"M646 125C629 125 613 133 604 142L308 442C296 454 292 471 292 487 292 504 296 521 308 533L604 854C617 867 629 875 646 875 663 875 679 871 692 858 704 846 713 829 713 812 713 796 708 779 692 767L438 487 692 225C700 217 708 204 708 187 708 171 704 154 692 142 675 129 663 125 646 125Z\"><\/path><\/svg>\t\t\t\t\t<\/div>\n\t\t\t\t\t<div class=\"elementor-swiper-button elementor-swiper-button-next\" role=\"button\" tabindex=\"0\">\n\t\t\t\t\t\t<svg aria-hidden=\"true\" class=\"e-font-icon-svg e-eicon-chevron-right\" viewBox=\"0 0 1000 1000\" xmlns=\"http:\/\/www.w3.org\/2000\/svg\"><path d=\"M696 533C708 521 713 504 713 487 713 471 708 454 696 446L400 146C388 133 375 125 354 125 338 125 325 129 313 142 300 154 292 171 292 187 292 204 296 221 308 233L563 492 304 771C292 783 288 800 288 817 288 833 296 850 308 863 321 871 338 875 354 875 371 875 388 867 400 854L696 533Z\"><\/path><\/svg>\t\t\t\t\t<\/div>\n\t\t\t\t\n\t\t\t\t\t\t\t\t\t<div class=\"swiper-pagination\"><\/div>\n\t\t\t\t\t\t\t\t\t<\/div>\n\t\t\t\t<\/div>\n\t\t\t\t<\/div>\n\t\t\t\t\t<\/div>\n\t\t\t\t<\/div>\n\t\t<div class=\"elementor-element elementor-element-5664fa2 e-con-full e-flex e-con e-parent\" data-id=\"5664fa2\" data-element_type=\"container\" data-settings=\"{&quot;background_background&quot;:&quot;classic&quot;}\">\n\t\t<div class=\"elementor-element elementor-element-1994841f e-con-full e-flex e-con e-child\" data-id=\"1994841f\" data-element_type=\"container\">\n\t\t\t\t<div class=\"elementor-element elementor-element-25e39009 elementor-widget elementor-widget-heading\" data-id=\"25e39009\" data-element_type=\"widget\" data-widget_type=\"heading.default\">\n\t\t\t\t<div class=\"elementor-widget-container\">\n\t\t\t<style>\/*! elementor - v3.21.0 - 08-05-2024 *\/\n.elementor-heading-title{padding:0;margin:0;line-height:1}.elementor-widget-heading .elementor-heading-title[class*=elementor-size-]>a{color:inherit;font-size:inherit;line-height:inherit}.elementor-widget-heading .elementor-heading-title.elementor-size-small{font-size:15px}.elementor-widget-heading .elementor-heading-title.elementor-size-medium{font-size:19px}.elementor-widget-heading .elementor-heading-title.elementor-size-large{font-size:29px}.elementor-widget-heading .elementor-heading-title.elementor-size-xl{font-size:39px}.elementor-widget-heading .elementor-heading-title.elementor-size-xxl{font-size:59px}<\/style><h1 class=\"elementor-heading-title elementor-size-default\">D\u00eener scientifique des membres de PsyTC \u00e0 l'ULB.<\/h1>\t\t<\/div>\n\t\t\t\t<\/div>\n\t\t\t\t<div class=\"elementor-element elementor-element-6f3be01d elementor-widget elementor-widget-text-editor\" data-id=\"6f3be01d\" data-element_type=\"widget\" data-widget_type=\"text-editor.default\">\n\t\t\t\t<div class=\"elementor-widget-container\">\n\t\t\t\t\t\t\t<p>D\u00eener scientifique des membres de PsyTC \u00e0 l&rsquo;ULB. Unikin repr\u00e9sent\u00e9e par la professeure Isabelle Mbakidi et le CT \u00c9tienne Mikobi Mikobi<\/p>\t\t\t\t\t\t<\/div>\n\t\t\t\t<\/div>\n\t\t\t\t<div class=\"elementor-element elementor-element-1da9a4aa elementor-mobile-align-center elementor-widget elementor-widget-button\" data-id=\"1da9a4aa\" data-element_type=\"widget\" data-widget_type=\"button.default\">\n\t\t\t\t<div class=\"elementor-widget-container\">\n\t\t\t\t\t<div class=\"elementor-button-wrapper\">\n\t\t\t<a class=\"elementor-button elementor-button-link elementor-size-sm\" href=\"#\">\n\t\t\t\t\t\t<span class=\"elementor-button-content-wrapper\">\n\t\t\t\t\t\t\t\t\t<span class=\"elementor-button-text\">Contact us<\/span>\n\t\t\t\t\t<\/span>\n\t\t\t\t\t<\/a>\n\t\t<\/div>\n\t\t\t\t<\/div>\n\t\t\t\t<\/div>\n\t\t\t\t<\/div>\n\t\t<div class=\"elementor-element elementor-element-3db506e0 e-con-full e-flex e-con e-child\" data-id=\"3db506e0\" data-element_type=\"container\">\n\t\t\t\t<div class=\"elementor-element elementor-element-fbbb14c elementor-widget elementor-widget-image\" data-id=\"fbbb14c\" data-element_type=\"widget\" data-widget_type=\"image.default\">\n\t\t\t\t<div class=\"elementor-widget-container\">\n\t\t\t<style>\/*! elementor - v3.21.0 - 08-05-2024 *\/\n.elementor-widget-image{text-align:center}.elementor-widget-image a{display:inline-block}.elementor-widget-image a img[src$=\".svg\"]{width:48px}.elementor-widget-image img{vertical-align:middle;display:inline-block}<\/style>\t\t\t\t\t\t\t\t\t\t<img fetchpriority=\"high\" decoding=\"async\" width=\"542\" height=\"360\" src=\"https:\/\/www.unikin.ac.cd\/fac\/fpsysed\/wp-content\/uploads\/2024\/05\/cropped-WhatsApp-Image-2024-04-18-a-13.06.09_b21f3ca8.jpg\" class=\"attachment-large size-large wp-image-2079\" alt=\"\" srcset=\"https:\/\/www.unikin.ac.cd\/fac\/fpsysed\/wp-content\/uploads\/2024\/05\/cropped-WhatsApp-Image-2024-04-18-a-13.06.09_b21f3ca8.jpg 542w, https:\/\/www.unikin.ac.cd\/fac\/fpsysed\/wp-content\/uploads\/2024\/05\/cropped-WhatsApp-Image-2024-04-18-a-13.06.09_b21f3ca8-300x199.jpg 300w\" sizes=\"(max-width: 542px) 100vw, 542px\" \/>\t\t\t\t\t\t\t\t\t\t\t\t\t<\/div>\n\t\t\t\t<\/div>\n\t\t\t\t<\/div>\n\t\t\t\t<\/div>\n\t\t\t\t<\/div>\n\t\t","protected":false},"excerpt":{"rendered":"<p>Inscription \u00e0 l\u2019Universit\u00e9 de Kinshasa (UNIKIN) Pour l\u2019Ann\u00e9e Acad\u00e9mique 2025-2026 Communiqu\u00e9 N\u00b0241\/2025 Le Secr\u00e9taire G\u00e9n\u00e9ral Acad\u00e9mique de l\u2019Universit\u00e9 de Kinshasa informe le public qu\u2019en attendant la fixation du calendrier acad\u00e9mique 2023-2024 par la tutelle, les op\u00e9rations des inscriptions pour l\u2019ann\u00e9e acad\u00e9mique 2023-2024 d\u00e9butent le lundi 09 Octobre 2023. LES CANDIDATS D\u00c9SIREUX D\u2019OBTENIR L\u2019INSCRITPION \u00c0 L\u2019UNIKIN&hellip; <br \/> <a class=\"read-more\" href=\"https:\/\/www.unikin.ac.cd\/fac\/fpsysed\/?page_id=2019\">Lire la suite<\/a><\/p>\n","protected":false},"author":3,"featured_media":2385,"parent":0,"menu_order":0,"comment_status":"closed","ping_status":"closed","template":"","meta":{"footnotes":""},"class_list":["post-2019","page","type-page","status-publish","has-post-thumbnail","hentry"],"_links":{"self":[{"href":"https:\/\/www.unikin.ac.cd\/fac\/fpsysed\/index.php?rest_route=\/wp\/v2\/pages\/2019"}],"collection":[{"href":"https:\/\/www.unikin.ac.cd\/fac\/fpsysed\/index.php?rest_route=\/wp\/v2\/pages"}],"about":[{"href":"https:\/\/www.unikin.ac.cd\/fac\/fpsysed\/index.php?rest_route=\/wp\/v2\/types\/page"}],"author":[{"embeddable":true,"href":"https:\/\/www.unikin.ac.cd\/fac\/fpsysed\/index.php?rest_route=\/wp\/v2\/users\/3"}],"replies":[{"embeddable":true,"href":"https:\/\/www.unikin.ac.cd\/fac\/fpsysed\/index.php?rest_route=%2Fwp%2Fv2%2Fcomments&post=2019"}],"version-history":[{"count":81,"href":"https:\/\/www.unikin.ac.cd\/fac\/fpsysed\/index.php?rest_route=\/wp\/v2\/pages\/2019\/revisions"}],"predecessor-version":[{"id":2571,"href":"https:\/\/www.unikin.ac.cd\/fac\/fpsysed\/index.php?rest_route=\/wp\/v2\/pages\/2019\/revisions\/2571"}],"wp:featuredmedia":[{"embeddable":true,"href":"https:\/\/www.unikin.ac.cd\/fac\/fpsysed\/index.php?rest_route=\/wp\/v2\/media\/2385"}],"wp:attachment":[{"href":"https:\/\/www.unikin.ac.cd\/fac\/fpsysed\/index.php?rest_route=%2Fwp%2Fv2%2Fmedia&parent=2019"}],"curies":[{"name":"wp","href":"https:\/\/api.w.org\/{rel}","templated":true}]}}