{"id":31,"date":"2023-06-15T13:10:13","date_gmt":"2023-06-15T11:10:13","guid":{"rendered":"https:\/\/www.unikin.ac.cd\/fac\/fpsysed\/?page_id=31"},"modified":"2023-06-15T15:10:11","modified_gmt":"2023-06-15T13:10:11","slug":"horaires-des-cours","status":"publish","type":"page","link":"https:\/\/www.unikin.ac.cd\/fac\/fpsysed\/?page_id=31","title":{"rendered":"Horaire des cours"},"content":{"rendered":"\n<figure class=\"wp-block-table is-style-stripes\"><table><tbody><tr><td><strong>Horaire des cours<\/strong><br>Pour conna\u00eetre les p\u00e9riodes des cours offerts \u00e0 l&rsquo;UdeM, planifier un trimestre ou pr\u00e9parer une demande d&rsquo;admission, faites une recherche en cliquant sur l&rsquo;encadr\u00e9 ci-dessous. Seuls les cours des trois ou quatre trimestres \u00e0 venir sont affich\u00e9s.<br>Les r\u00e9sultats de recherche seront class\u00e9s par ordre alphab\u00e9tique des sigles de cours (ex: ANG pour Anglais). Pour faciliter la consultation, veuillez vous r\u00e9f\u00e9rer \u00e0 la l\u00e9gende des cours et \u00e0 la liste compl\u00e8te des sigles de cours :<br><a href=\"https:\/\/registraire.umontreal.ca\/etudes-et-services\/horaire-des-cours\/legende-cours\/\">L<\/a><a rel=\"noreferrer noopener\" href=\"https:\/\/registraire.umontreal.ca\/etudes-et-services\/horaire-des-cours\/legende-cours\/\" target=\"_blank\">\u00e9gende des cours \u00e0 l&rsquo;horaire<\/a><br><a rel=\"noreferrer noopener\" href=\"https:\/\/registraire.umontreal.ca\/fileadmin\/registrariat\/documents\/Annuaires\/2018-2019\/SiglesCours_1erCycle_2018-2019.pdf\" target=\"_blank\">Sigles des cours de 1<sup>er<\/sup>\u00a0cycle<\/a><br><a rel=\"noreferrer noopener\" href=\"https:\/\/registraire.umontreal.ca\/fileadmin\/registrariat\/documents\/Annuaires\/2018-2019\/SiglesCours_EtudesSup_2018-2019.pdf\" target=\"_blank\">Sigles des cours de cycles sup\u00e9rieurs<\/a><\/td><\/tr><\/tbody><\/table><\/figure>\n\n\n\n<div class=\"wp-block-columns alignwide are-vertically-aligned-bottom has-background is-layout-flex wp-container-core-columns-is-layout-1 wp-block-columns-is-layout-flex\" style=\"background:linear-gradient(135deg,rgb(238,238,238) 0%,rgb(100,157,195) 87%)\">\n<div class=\"wp-block-column is-layout-flow wp-block-column-is-layout-flow\" style=\"flex-basis:68%\">\n<figure class=\"wp-block-image size-full\"><img fetchpriority=\"high\" decoding=\"async\" width=\"325\" height=\"155\" src=\"https:\/\/www.unikin.ac.cd\/fac\/fpsysed\/wp-content\/uploads\/2023\/06\/telechargement-1.png\" alt=\"\" class=\"wp-image-243\" srcset=\"https:\/\/www.unikin.ac.cd\/fac\/fpsysed\/wp-content\/uploads\/2023\/06\/telechargement-1.png 325w, https:\/\/www.unikin.ac.cd\/fac\/fpsysed\/wp-content\/uploads\/2023\/06\/telechargement-1-300x143.png 300w\" sizes=\"(max-width: 325px) 100vw, 325px\" \/><\/figure>\n<\/div>\n\n\n\n<div class=\"wp-block-column is-layout-flow wp-block-column-is-layout-flow\" style=\"flex-basis:62%\">\n<p class=\"has-very-light-gray-to-cyan-bluish-gray-gradient-background has-background\">Pour conna\u00eetre les p\u00e9riodes des cours offerts \u00e0 l&rsquo;UdeM, planifier un trimestre ou pr\u00e9parer une demande d&rsquo;admission, faites une recherche en cliquant sur l&rsquo;encadr\u00e9 ci-dessous.<\/p>\n<\/div>\n<\/div>\n\n\n\n<div class=\"wp-block-group alignwide\"><div class=\"wp-block-group__inner-container is-layout-constrained wp-block-group-is-layout-constrained\">\n<div class=\"wp-block-columns alignwide are-vertically-aligned-bottom has-cyan-bluish-gray-background-color has-background is-layout-flex wp-container-core-columns-is-layout-2 wp-block-columns-is-layout-flex\">\n<div class=\"wp-block-column is-layout-flow wp-block-column-is-layout-flow\" style=\"flex-basis:98%\">\n<figure class=\"wp-block-gallery has-nested-images columns-default is-cropped wp-block-gallery-1 is-layout-flex wp-block-gallery-is-layout-flex\">\n<figure class=\"wp-block-image size-full\"><img decoding=\"async\" width=\"225\" height=\"225\" src=\"https:\/\/www.unikin.ac.cd\/fac\/fpsysed\/wp-content\/uploads\/2023\/06\/telechargement-2-1.png\" alt=\"\" class=\"wp-image-262\" srcset=\"https:\/\/www.unikin.ac.cd\/fac\/fpsysed\/wp-content\/uploads\/2023\/06\/telechargement-2-1.png 225w, https:\/\/www.unikin.ac.cd\/fac\/fpsysed\/wp-content\/uploads\/2023\/06\/telechargement-2-1-150x150.png 150w\" sizes=\"(max-width: 225px) 100vw, 225px\" \/><\/figure>\n<\/figure>\n<\/div>\n<\/div>\n<\/div><\/div>\n\n\n\n<div class=\"wp-block-buttons is-content-justification-center is-layout-flex wp-container-core-buttons-is-layout-1 wp-block-buttons-is-layout-flex\">\n<div class=\"wp-block-button has-custom-font-size is-style-outline has-small-font-size is-style-outline--4d400f4d226b53171f19cd51b9781463\"><a class=\"wp-block-button__link has-vivid-cyan-blue-background-color has-background wp-element-button\">D\u00e9but de la Recherche<\/a><\/div>\n<\/div>\n","protected":false},"excerpt":{"rendered":"<p>Horaire des coursPour conna\u00eetre les p\u00e9riodes des cours offerts \u00e0 l&rsquo;UdeM, planifier un trimestre ou pr\u00e9parer une demande d&rsquo;admission, faites une recherche en cliquant sur l&rsquo;encadr\u00e9 ci-dessous. Seuls les cours des trois ou quatre trimestres \u00e0 venir sont affich\u00e9s.Les r\u00e9sultats de recherche seront class\u00e9s par ordre alphab\u00e9tique des sigles de cours (ex: ANG pour Anglais).&hellip; <br \/> <a class=\"read-more\" href=\"https:\/\/www.unikin.ac.cd\/fac\/fpsysed\/?page_id=31\">Lire la suite<\/a><\/p>\n","protected":false},"author":1,"featured_media":25,"parent":0,"menu_order":280,"comment_status":"closed","ping_status":"closed","template":"","meta":{"footnotes":""},"class_list":["post-31","page","type-page","status-publish","has-post-thumbnail","hentry"],"_links":{"self":[{"href":"https:\/\/www.unikin.ac.cd\/fac\/fpsysed\/index.php?rest_route=\/wp\/v2\/pages\/31"}],"collection":[{"href":"https:\/\/www.unikin.ac.cd\/fac\/fpsysed\/index.php?rest_route=\/wp\/v2\/pages"}],"about":[{"href":"https:\/\/www.unikin.ac.cd\/fac\/fpsysed\/index.php?rest_route=\/wp\/v2\/types\/page"}],"author":[{"embeddable":true,"href":"https:\/\/www.unikin.ac.cd\/fac\/fpsysed\/index.php?rest_route=\/wp\/v2\/users\/1"}],"replies":[{"embeddable":true,"href":"https:\/\/www.unikin.ac.cd\/fac\/fpsysed\/index.php?rest_route=%2Fwp%2Fv2%2Fcomments&post=31"}],"version-history":[{"count":56,"href":"https:\/\/www.unikin.ac.cd\/fac\/fpsysed\/index.php?rest_route=\/wp\/v2\/pages\/31\/revisions"}],"predecessor-version":[{"id":267,"href":"https:\/\/www.unikin.ac.cd\/fac\/fpsysed\/index.php?rest_route=\/wp\/v2\/pages\/31\/revisions\/267"}],"wp:featuredmedia":[{"embeddable":true,"href":"https:\/\/www.unikin.ac.cd\/fac\/fpsysed\/index.php?rest_route=\/wp\/v2\/media\/25"}],"wp:attachment":[{"href":"https:\/\/www.unikin.ac.cd\/fac\/fpsysed\/index.php?rest_route=%2Fwp%2Fv2%2Fmedia&parent=31"}],"curies":[{"name":"wp","href":"https:\/\/api.w.org\/{rel}","templated":true}]}}