{"id":33,"date":"2023-06-03T09:57:02","date_gmt":"2023-06-03T07:57:02","guid":{"rendered":"https:\/\/www.unikin.ac.cd\/fac\/fpsysed\/?page_id=33"},"modified":"2023-06-22T17:51:33","modified_gmt":"2023-06-22T15:51:33","slug":"programmes-des-cours","status":"publish","type":"page","link":"https:\/\/www.unikin.ac.cd\/fac\/fpsysed\/?page_id=33","title":{"rendered":"Programmes des cours"},"content":{"rendered":"\n<div class=\"wp-block-columns is-layout-flex wp-container-core-columns-is-layout-1 wp-block-columns-is-layout-flex\">\n<div class=\"wp-block-column is-layout-flow wp-block-column-is-layout-flow\" style=\"flex-basis:100%\">\n<figure class=\"wp-block-table is-style-regular has-small-font-size\"><table class=\"has-black-color has-text-color\"><tbody><tr><td>L&rsquo;Universit\u00e9 de Montr\u00e9al propose plus de 700 programmes d&rsquo;\u00e9tudes et plus de 12 500 cours, offerts par 13 facult\u00e9s et \u00e9coles.<br><strong>L&rsquo;information officielle et \u00e0 jour relative aux cours, programmes, r\u00e8glements p\u00e9dagogiques et conditions d&rsquo;admissibilit\u00e9<\/strong>&nbsp;est pr\u00e9sent\u00e9e sur le site web du&nbsp;<a href=\"https:\/\/registraire.umontreal.ca\/accueil\/\">Bureau du registraire<\/a>, le&nbsp;<a rel=\"noreferrer noopener\" href=\"https:\/\/academique-dmz.synchro.umontreal.ca\/\" target=\"_blank\">Centre \u00e9tudiant<\/a><strong>,<\/strong>&nbsp;le&nbsp;<a rel=\"noreferrer noopener\" href=\"https:\/\/admission.umontreal.ca\/\" target=\"_blank\">Guide d&rsquo;admission et des programmes d&rsquo;\u00e9tudes<\/a>&nbsp;et le site du&nbsp;<a rel=\"noreferrer noopener\" href=\"http:\/\/www.secretariatgeneral.umontreal.ca\/\" target=\"_blank\">Secr\u00e9tariat g\u00e9n\u00e9ral<\/a>. L&rsquo;information en ces mati\u00e8res qui serait accessible \u00e0 d&rsquo;autres endroits n&rsquo;engage que les auteurs.<br>Pour faciliter la recherche, consultez l&rsquo;<a href=\"https:\/\/registraire.umontreal.ca\/etudes-et-services\/horaire-des-cours\/\">horaire des cours<\/a>.<br><a href=\"https:\/\/registraire.umontreal.ca\/etudes-et-services\/programmes-et-cours\/#c14521\">Programmes d&rsquo;\u00e9tudes<\/a><br><a href=\"https:\/\/registraire.umontreal.ca\/etudes-et-services\/programmes-et-cours\/#c14538\">Cours<\/a><\/td><\/tr><\/tbody><\/table><\/figure>\n\n\n\n<div class=\"wp-block-buttons is-horizontal is-content-justification-left is-layout-flex wp-container-core-buttons-is-layout-1 wp-block-buttons-is-layout-flex\">\n<div class=\"wp-block-button has-custom-width wp-block-button__width-50 has-custom-font-size\" style=\"font-size:12px\"><a class=\"wp-block-button__link has-luminous-vivid-orange-background-color has-background has-text-align-left wp-element-button\" style=\"border-radius:0px\">Programme d&rsquo;Etudes<\/a><\/div>\n\n\n\n<div class=\"wp-block-button has-custom-width wp-block-button__width-50 has-custom-font-size is-style-fill\" style=\"font-size:12px\"><a class=\"wp-block-button__link has-black-background-color has-background has-text-align-left wp-element-button\" style=\"border-radius:1px\">Cours<\/a><\/div>\n<\/div>\n<\/div>\n<\/div>\n\n\n\n<figure class=\"wp-block-table is-style-regular\" style=\"font-size:14px\"><table class=\"has-white-background-color has-background has-fixed-layout\"><tbody><tr><td><strong>Programmes de 1<sup>er<\/sup>&nbsp;cycle<\/strong><br>Au-del\u00e0 de 250 programmes d&rsquo;\u00e9tudes au premier cycle, couvrant l\u2019ensemble des domaines du savoir dans un environnement interdisciplinaire qui favorise l\u2019interaction entre les disciplines fondamentales et les domaines de la pratique professionnelle.<br><a rel=\"noreferrer noopener\" href=\"https:\/\/admission.umontreal.ca\/programmes-de-1er-cycle\" target=\"_blank\">Tous les programmes de A \u00e0 Z<\/a><br><a rel=\"noreferrer noopener\" href=\"https:\/\/admission.umontreal.ca\/programmes-de-1er-cycle-le-soir\" target=\"_blank\">Programmes offerts le soir<\/a><br><a rel=\"noreferrer noopener\" href=\"https:\/\/admission.umontreal.ca\/programmes-de-1er-cycle-temps-partiel\" target=\"_blank\">Programmes offerts \u00e0 temps partiel<\/a><br><a rel=\"noreferrer noopener\" href=\"https:\/\/admission.umontreal.ca\/programmes-de-1er-cycle-individualises\/\" target=\"_blank\">Programmes individualis\u00e9s<\/a><br><a rel=\"noreferrer noopener\" href=\"https:\/\/admission.umontreal.ca\/programmes-de-preparation-aux-etudes-universitaires\/\" target=\"_blank\">Programmes de pr\u00e9paration aux \u00e9tudes universitaires<\/a><br><a rel=\"noreferrer noopener\" href=\"https:\/\/admission.umontreal.ca\/programmes-detudes\/baccalaureat-par-cumul\/\" target=\"_blank\">Baccalaur\u00e9at par cumul<\/a><br><a rel=\"noreferrer noopener\" href=\"https:\/\/admission.umontreal.ca\/admission\/1er-cycle\/ajout-et-changement-de-programme\/\" target=\"_blank\">Changement de programme<\/a><br><a href=\"https:\/\/registraire.umontreal.ca\/etudes-et-services\/programmes-et-cours\/evolution-des-programmes\/\">\u00c9volution des programmes<\/a><br><strong>Programmes de cycles sup\u00e9rieurs<\/strong><br>Pourquoi entreprendre des \u00e9tudes de cycles sup\u00e9rieurs \u00e0 l&rsquo;Universit\u00e9 de Montr\u00e9al? Parce que l\u2019UdeM est&nbsp;<a rel=\"noreferrer noopener\" href=\"https:\/\/admission.umontreal.ca\/info-conseils\/choisir-ludem\/pourquoi-ludem\/\" target=\"_blank\">une des meilleures universit\u00e9s au monde<\/a>. Reconnue comme l\u2019une des grandes universit\u00e9s de recherche d\u2019Am\u00e9rique du Nord, elle constitue l\u2019un des terreaux les plus fertiles de la plan\u00e8te pour la collaboration entre les disciplines.<br><a rel=\"noreferrer noopener\" href=\"https:\/\/admission.umontreal.ca\/programmes-de-cycles-superieurs\/\" target=\"_blank\">Tous les programmes de A \u00e0 Z<\/a><br><a rel=\"noreferrer noopener\" href=\"https:\/\/admission.umontreal.ca\/programmes-detudes\/filtres\/cycle_2\/particularites_etat_ouvert\/regimeetudes_1\/\" target=\"_blank\">Programmes offerts \u00e0 temps partiel<\/a><br><a rel=\"noreferrer noopener\" href=\"https:\/\/admission.umontreal.ca\/programmes-detudes\/filtres\/cycle_2\/particularites_etat_ouvert\/particularites_mobilite_internationale\/\" target=\"_blank\">Programmes avec&nbsp;option de s\u00e9jour d&rsquo;\u00e9tudes \u00e0 l\u2019international<\/a><br><a rel=\"noreferrer noopener\" href=\"http:\/\/medecine.umontreal.ca\/etudes\/etudes-medicales-postdoctorales\/programmes\/\" target=\"_blank\">\u00c9tudes m\u00e9dicales postdoctorales<\/a><br><a rel=\"noreferrer noopener\" href=\"https:\/\/admission.umontreal.ca\/admission\/cycles-superieurs\/ajout-et-changement-de-programme\/\" target=\"_blank\">Changement de programme<\/a><br><a href=\"https:\/\/registraire.umontreal.ca\/etudes-et-services\/programmes-et-cours\/evolution-des-programmes\/\">\u00c9volution des programmes<\/a><br><strong>Autres programmes avec particularit\u00e9s<\/strong><br><a rel=\"noreferrer noopener\" href=\"https:\/\/admission.umontreal.ca\/programmes-detudes\/filtres\/particularites_autres_etablissements\/\" target=\"_blank\">Programmes offerts en partenariat<\/a><br><a rel=\"noreferrer noopener\" href=\"https:\/\/admission.umontreal.ca\/programmes-detudes\/filtres\/particularites_nouveau_programme\/\" target=\"_blank\">Nouveaux programmes<\/a><br><a rel=\"noreferrer noopener\" href=\"https:\/\/admission.umontreal.ca\/programmes-detudes\/filtres\/campus_1\/campus_2\/campus_3\/campus_4\/campus_9\/\" target=\"_blank\">Programmes offerts hors campus de Montr\u00e9al<\/a><br><strong>Baccalaur\u00e9at par cumul<\/strong><br>Les d\u00e9tails se trouvent \u00e0 la page&nbsp;<a rel=\"noreferrer noopener\" href=\"https:\/\/admission.umontreal.ca\/baccalaureat-par-cumul\/\" target=\"_blank\">Baccalaur\u00e9at par cumul<\/a>. Vous y trouverez l&rsquo;information sur les certificats, mineures et majeures \u00e0 associer, les conditions d&rsquo;obtention, les r\u00e8glements, les proc\u00e9dures de demande et plus.<br>Pour les&nbsp;<strong>baccalaur\u00e9ats par cumul avec appellation (BACCAP)<\/strong>&nbsp;offerts par la Facult\u00e9 des arts et des sciences ou la Facult\u00e9 de l&rsquo;\u00e9ducation permanente, voir:<br><a rel=\"noreferrer noopener\" href=\"https:\/\/fas.umontreal.ca\/etudes\/baccalaureats-majeures-mineures\/combinaisons-possibles-au-baccalaureat\/baccap\/\" target=\"_blank\">Qu&rsquo;est-ce qu&rsquo;un BACCAP?<\/a><br><a rel=\"noreferrer noopener\" href=\"http:\/\/llm.umontreal.ca\/programmes-cours\/langues-modernes\/baccalaureat-par-cumul-en-langues-modernes\/\" target=\"_blank\">Langues modernes<\/a>&nbsp;(offert \u00e0 la Facult\u00e9 des arts et des sciences)<br><a rel=\"noreferrer noopener\" href=\"http:\/\/histart.umontreal.ca\/programmes-cours\/histoire-de-lart\/baccalaureat-par-cumul-avec-appellation-baccap-en-cultures-visuelles\/\" target=\"_blank\">Cultures visuelles<\/a>&nbsp;(offert \u00e0 la Facult\u00e9 des arts et des sciences)<br>Fondements et pratiques en sciences sociales et sant\u00e9&nbsp;(offert \u00e0 la&nbsp;<a rel=\"noreferrer noopener\" href=\"https:\/\/fas.umontreal.ca\/etudes\/baccalaureats-majeures-mineures\/combinaisons-possibles-au-baccalaureat\/baccap\/baccalaureat-par-cumul-avec-appellation-baccap-en-fondements-et-pratiques-en-sciences-sociales-et-sante\/\" target=\"_blank\">Facult\u00e9 des arts et des sciences<\/a>, \u00e0 la&nbsp;<a rel=\"noreferrer noopener\" href=\"https:\/\/fep.umontreal.ca\/programmes\/baccalaureats\/baccap-en-fondements-et-pratiques-en-sciences-sociales-et-sante\/\" target=\"_blank\">Facult\u00e9 de l&rsquo;\u00e9ducation permanente<\/a>&nbsp;et \u00e0 l&rsquo;<a rel=\"noreferrer noopener\" href=\"https:\/\/espum.umontreal.ca\/accueil\/\" target=\"_blank\">\u00c9cole de sant\u00e9 publique<\/a>).<br>\u00c9tudes du ph\u00e9nom\u00e8ne criminel (offert \u00e0 la&nbsp;<a rel=\"noreferrer noopener\" href=\"https:\/\/fas.umontreal.ca\/etudes\/baccalaureats-majeures-mineures\/combinaisons-possibles-au-baccalaureat\/baccap\/nouveau-baccalaureat-par-cumul-avec-appellation-baccap-en-etudes-du-phenomene-criminel\/\" target=\"_blank\">Facult\u00e9 des arts et des sciences<\/a>&nbsp;et \u00e0 la&nbsp;<a rel=\"noreferrer noopener\" href=\"https:\/\/fep.umontreal.ca\/programmes\/baccalaureats\/baccap-en-etudes-du-phenomene-criminel\/?gclid=Cj0KCQiAxs3gBRDGARIsAO4tqq2CAno7wQAJ-oxfb2X5ix3VZBV_HIhIhvZRKceRC0dehewDMLIwKekaAiqKEALw_wcB\" target=\"_blank\">Facult\u00e9 de l&rsquo;\u00e9ducation permanente<\/a>)<br><strong>Programmes des \u00e9coles affili\u00e9es<\/strong><br><a rel=\"noreferrer noopener\" href=\"https:\/\/www.polymtl.ca\/etudes\/programmes\" target=\"_blank\">Programmes en g\u00e9nie \u2013 site de l&rsquo;\u00c9cole Polytechnique<\/a><br><a rel=\"noreferrer noopener\" href=\"http:\/\/www.hec.ca\/programmes\/\" target=\"_blank\">Programmes en administration \u2013 site de HEC Montr\u00e9al<\/a><br><strong>\u00c9tudes libres<\/strong><br><a rel=\"noreferrer noopener\" href=\"https:\/\/admission.umontreal.ca\/vous-etes\/etudiant-libre\/\" target=\"_blank\">\u00catre \u00e9tudiant libre<\/a><br><a rel=\"noreferrer noopener\" href=\"https:\/\/admission.umontreal.ca\/vous-etes\/etudiant-libre\/etudes-libres-au-quebec\/\" target=\"_blank\">\u00c9tudes libres au Qu\u00e9bec<\/a><br><a rel=\"noreferrer noopener\" href=\"https:\/\/admission.umontreal.ca\/vous-etes\/etudiant-libre\/etudes-libres-en-ligne-hors-du-quebec\/\" target=\"_blank\">\u00c9tudes libres en ligne hors du Qu\u00e9bec<\/a><br><\/td><\/tr><\/tbody><\/table><\/figure>\n","protected":false},"excerpt":{"rendered":"<p>L&rsquo;Universit\u00e9 de Montr\u00e9al propose plus de 700 programmes d&rsquo;\u00e9tudes et plus de 12 500 cours, offerts par 13 facult\u00e9s et \u00e9coles.L&rsquo;information officielle et \u00e0 jour relative aux cours, programmes, r\u00e8glements p\u00e9dagogiques et conditions d&rsquo;admissibilit\u00e9&nbsp;est pr\u00e9sent\u00e9e sur le site web du&nbsp;Bureau du registraire, le&nbsp;Centre \u00e9tudiant,&nbsp;le&nbsp;Guide d&rsquo;admission et des programmes d&rsquo;\u00e9tudes&nbsp;et le site du&nbsp;Secr\u00e9tariat g\u00e9n\u00e9ral. L&rsquo;information en&hellip; <br \/> <a class=\"read-more\" href=\"https:\/\/www.unikin.ac.cd\/fac\/fpsysed\/?page_id=33\">Lire la suite<\/a><\/p>\n","protected":false},"author":1,"featured_media":0,"parent":0,"menu_order":0,"comment_status":"closed","ping_status":"closed","template":"","meta":{"footnotes":""},"class_list":["post-33","page","type-page","status-publish","hentry"],"_links":{"self":[{"href":"https:\/\/www.unikin.ac.cd\/fac\/fpsysed\/index.php?rest_route=\/wp\/v2\/pages\/33"}],"collection":[{"href":"https:\/\/www.unikin.ac.cd\/fac\/fpsysed\/index.php?rest_route=\/wp\/v2\/pages"}],"about":[{"href":"https:\/\/www.unikin.ac.cd\/fac\/fpsysed\/index.php?rest_route=\/wp\/v2\/types\/page"}],"author":[{"embeddable":true,"href":"https:\/\/www.unikin.ac.cd\/fac\/fpsysed\/index.php?rest_route=\/wp\/v2\/users\/1"}],"replies":[{"embeddable":true,"href":"https:\/\/www.unikin.ac.cd\/fac\/fpsysed\/index.php?rest_route=%2Fwp%2Fv2%2Fcomments&post=33"}],"version-history":[{"count":16,"href":"https:\/\/www.unikin.ac.cd\/fac\/fpsysed\/index.php?rest_route=\/wp\/v2\/pages\/33\/revisions"}],"predecessor-version":[{"id":519,"href":"https:\/\/www.unikin.ac.cd\/fac\/fpsysed\/index.php?rest_route=\/wp\/v2\/pages\/33\/revisions\/519"}],"wp:attachment":[{"href":"https:\/\/www.unikin.ac.cd\/fac\/fpsysed\/index.php?rest_route=%2Fwp%2Fv2%2Fmedia&parent=33"}],"curies":[{"name":"wp","href":"https:\/\/api.w.org\/{rel}","templated":true}]}}