{"id":38,"date":"2023-06-03T10:02:10","date_gmt":"2023-06-03T08:02:10","guid":{"rendered":"https:\/\/www.unikin.ac.cd\/fac\/fpsysed\/?page_id=38"},"modified":"2025-02-26T00:19:03","modified_gmt":"2025-02-25T23:19:03","slug":"bureau-du-doyen","status":"publish","type":"page","link":"https:\/\/www.unikin.ac.cd\/fac\/fpsysed\/?page_id=38","title":{"rendered":"Bureau du Doyen"},"content":{"rendered":"\t\t<div data-elementor-type=\"wp-page\" data-elementor-id=\"38\" class=\"elementor elementor-38\">\n\t\t\t\t<div class=\"elementor-element elementor-element-36fb1071 e-flex e-con-boxed e-con e-parent\" data-id=\"36fb1071\" data-element_type=\"container\">\n\t\t\t\t\t<div class=\"e-con-inner\">\n\t\t\t\t<div class=\"elementor-element elementor-element-34a4fc12 elementor-widget elementor-widget-text-editor\" data-id=\"34a4fc12\" data-element_type=\"widget\" data-widget_type=\"text-editor.default\">\n\t\t\t\t<div class=\"elementor-widget-container\">\n\t\t\t<style>\/*! elementor - v3.21.0 - 08-05-2024 *\/\n.elementor-widget-text-editor.elementor-drop-cap-view-stacked .elementor-drop-cap{background-color:#69727d;color:#fff}.elementor-widget-text-editor.elementor-drop-cap-view-framed .elementor-drop-cap{color:#69727d;border:3px solid;background-color:transparent}.elementor-widget-text-editor:not(.elementor-drop-cap-view-default) .elementor-drop-cap{margin-top:8px}.elementor-widget-text-editor:not(.elementor-drop-cap-view-default) .elementor-drop-cap-letter{width:1em;height:1em}.elementor-widget-text-editor .elementor-drop-cap{float:left;text-align:center;line-height:1;font-size:50px}.elementor-widget-text-editor .elementor-drop-cap-letter{display:inline-block}<\/style>\t\t\t\t<!-- wp:paragraph {\"align\":\"left\",\"style\":{\"color\":{\"background\":\"#222d6b\"},\"typography\":{\"fontSize\":\"12px\"}},\"textColor\":\"white\"} -->\n<p class=\"has-text-align-left has-white-color has-text-color has-background\" style=\"background-color: #222d6b; font-size: 12px;\"><em><strong>Le Bureau du Doyen de la Facult\u00e9 de Psychologie et Science de l&rsquo; \u00c9ducation de l\u2019Universit\u00e9 de Kinshasa<\/strong><\/em>.<\/p>\n<!-- \/wp:paragraph --><!-- wp:group {\"align\":\"wide\",\"layout\":{\"type\":\"constrained\"}} -->\n<div class=\"wp-block-group alignwide\"><!-- wp:group {\"style\":{\"color\":{\"background\":\"#111550\"}},\"textColor\":\"white\",\"layout\":{\"type\":\"flex\",\"orientation\":\"vertical\"}} -->\n<div class=\"wp-block-group has-white-color has-text-color has-background\" style=\"background-color: #111550;\"><!-- wp:group {\"layout\":{\"type\":\"constrained\"}} -->\n<div class=\"wp-block-group\"><!-- wp:group {\"layout\":{\"type\":\"constrained\"},\"fontSize\":\"medium\"} -->\n<div class=\"wp-block-group has-medium-font-size\"><!-- wp:image {\"align\":\"center\",\"id\":813,\"sizeSlug\":\"large\",\"linkDestination\":\"none\",\"className\":\"is-style-default\"} -->\n<figure class=\"wp-block-image aligncenter size-large is-style-default\"><img fetchpriority=\"high\" decoding=\"async\" class=\"alignnone wp-image-2457 size-full\" src=\"https:\/\/www.unikin.ac.cd\/fac\/fpsysed\/wp-content\/uploads\/2025\/02\/png-1.png\" alt=\"\" width=\"1024\" height=\"768\" srcset=\"https:\/\/www.unikin.ac.cd\/fac\/fpsysed\/wp-content\/uploads\/2025\/02\/png-1.png 1024w, https:\/\/www.unikin.ac.cd\/fac\/fpsysed\/wp-content\/uploads\/2025\/02\/png-1-300x225.png 300w, https:\/\/www.unikin.ac.cd\/fac\/fpsysed\/wp-content\/uploads\/2025\/02\/png-1-768x576.png 768w\" sizes=\"(max-width: 1024px) 100vw, 1024px\" \/><\/figure>\n<!-- \/wp:image --><!-- wp:paragraph {\"align\":\"center\",\"style\":{\"typography\":{\"fontStyle\":\"normal\",\"fontWeight\":\"100\",\"fontSize\":\"21px\"}}} -->\n<p class=\"has-text-align-center\" style=\"font-size: 21px; font-style: normal; font-weight: 100;\"><em>Monsieur<\/em><\/p>\n<!-- \/wp:paragraph --><!-- wp:paragraph {\"align\":\"center\",\"style\":{\"typography\":{\"fontStyle\":\"italic\",\"fontWeight\":\"900\"}},\"fontSize\":\"medium\"} -->\n<p class=\"has-text-align-center has-medium-font-size\" style=\"font-style: italic; font-weight: 900;\"><em>Bienvenu KANDALA FANDIDI Ngiang<\/em><\/p>\n<!-- \/wp:paragraph --><!-- wp:paragraph {\"align\":\"center\",\"style\":{\"color\":{\"text\":\"#fcf100\"},\"typography\":{\"fontSize\":\"22px\",\"fontStyle\":\"normal\",\"fontWeight\":\"800\"}}} -->\n<p class=\"has-text-align-center has-text-color\" style=\"color: #fcf100; font-size: 22px; font-style: normal; font-weight: 800;\"><em>DOYEN <\/em><\/p>\n<!-- \/wp:paragraph --><!-- wp:buttons {\"layout\":{\"type\":\"flex\",\"justifyContent\":\"center\"},\"fontSize\":\"small\"} -->\n<div class=\"wp-block-buttons has-custom-font-size has-small-font-size\"><!-- wp:button {\"backgroundColor\":\"vivid-red\",\"style\":{\"border\":{\"radius\":\"0px\"},\"typography\":{\"textDecoration\":\"none\"}},\"className\":\"is-style-fill\",\"fontSize\":\"small\"} -->\n<div class=\"wp-block-button has-custom-font-size is-style-fill has-small-font-size\" style=\"text-decoration: none;\"><a class=\"wp-block-button__link has-vivid-red-background-color has-background wp-element-button\" style=\"border-radius: 0px;\" href=\"https:\/\/www.unikin.ac.cd\/fac\/fpsysed\/bureau-du-doyen\/profil\/\">Profil<\/a><\/div>\n<!-- \/wp:button --><\/div>\n<!-- \/wp:buttons --><!-- wp:paragraph -->\n<p>\u00a0<\/p>\n<!-- \/wp:paragraph --><\/div>\n<!-- \/wp:group --><\/div>\n<!-- \/wp:group --><\/div>\n<!-- \/wp:group --><!-- wp:paragraph -->\n<p>\u00a0<\/p>\n<!-- \/wp:paragraph --><\/div>\n<!-- \/wp:group --><!-- wp:paragraph {\"style\":{\"typography\":{\"fontSize\":\"12px\",\"fontStyle\":\"normal\",\"fontWeight\":\"300\"},\"color\":{\"background\":\"#161e55ed\"}},\"textColor\":\"white\"} -->\n<p class=\"has-white-color has-text-color has-background\" style=\"background-color: #161e55ed; font-size: 12px; font-style: normal; font-weight: 300;\"><strong>Secr\u00e9taire du doyen <\/strong><\/p>\n<!-- \/wp:paragraph --><!-- wp:columns {\"align\":\"wide\",\"backgroundColor\":\"cyan-bluish-gray\"} -->\n<div class=\"wp-block-columns alignwide has-cyan-bluish-gray-background-color has-background\"><!-- wp:column {\"width\":\"50%\"} -->\n<div class=\"wp-block-column\" style=\"flex-basis: 50%;\"><!-- wp:image {\"id\":335,\"sizeSlug\":\"full\",\"linkDestination\":\"none\"} -->\n<figure class=\"wp-block-image size-full\"><img decoding=\"async\" width=\"299\" height=\"168\" class=\"wp-image-335\" src=\"https:\/\/www.unikin.ac.cd\/fac\/fpsysed\/wp-content\/uploads\/2023\/06\/images.jpg\" alt=\"\" \/><\/figure>\n<!-- \/wp:image --><!-- wp:paragraph -->\n<p>Le nom du personne<\/p>\n<!-- \/wp:paragraph --><\/div>\n<!-- \/wp:column --><!-- wp:column {\"width\":\"50%\"} -->\n<div class=\"wp-block-column\" style=\"flex-basis: 50%;\"><!-- wp:paragraph {\"placeholder\":\"Contenu\u2026\"} -->\n<p>\u00a0<\/p>\n<!-- \/wp:paragraph --><\/div>\n<!-- \/wp:column --><\/div>\n<!-- \/wp:columns --><!-- wp:paragraph -->\n<p>R\u00f4le a jouer dans le bureau<\/p>\n<!-- \/wp:paragraph --><!-- wp:separator --><hr class=\"wp-block-separator has-alpha-channel-opacity\" \/><!-- \/wp:separator --><!-- wp:paragraph {\"style\":{\"color\":{\"background\":\"#18154a\"}},\"textColor\":\"white\",\"fontSize\":\"small\"} -->\n<p class=\"has-white-color has-text-color has-background has-small-font-size\" style=\"background-color: #18154a;\"><strong>Secr\u00e9taire Acad\u00e9mique et Financier<\/strong><\/p>\n<!-- \/wp:paragraph --><!-- wp:columns {\"align\":\"wide\",\"backgroundColor\":\"white\"} -->\n<div class=\"wp-block-columns alignwide has-white-background-color has-background\"><!-- wp:column {\"width\":\"50%\"} -->\n<div class=\"wp-block-column\" style=\"flex-basis: 50%;\"><!-- wp:gallery {\"linkTo\":\"none\"} -->\n<figure class=\"wp-block-gallery has-nested-images columns-default is-cropped\"><\/figure>\n<!-- \/wp:gallery --><!-- wp:paragraph -->\n<p>le nom du Gestionnaire<\/p>\n<!-- \/wp:paragraph --><\/div>\n<!-- \/wp:column --><!-- wp:column {\"width\":\"50%\"} -->\n<div class=\"wp-block-column\" style=\"flex-basis: 50%;\"><!-- wp:paragraph {\"placeholder\":\"Contenu\u2026\"} -->\n<p><strong>Secr\u00e9taire Administratif Financier<\/strong><\/p>\n<!-- \/wp:paragraph --><!-- wp:paragraph -->\n<p>Il est attach\u00e9 au Doyen de la Facult\u00e9<\/p>\n<!-- \/wp:paragraph --><!-- wp:list -->\n<ul><!-- wp:list-item {\"style\":{\"typography\":{\"fontSize\":\"16px\"}}} -->\n<li style=\"font-size: 16px;\"><strong>sa mission<\/strong> :<\/li>\n<!-- \/wp:list-item --><!-- wp:list-item {\"style\":{\"typography\":{\"fontSize\":\"16px\"}}} -->\n<li style=\"font-size: 16px;\">Il pr\u00eate son concours au Doyen pour le divers t\u00e2ches : Acad\u00e9mique, Scientifique et aux Etudiants<\/li>\n<!-- \/wp:list-item --><!-- wp:list-item {\"style\":{\"typography\":{\"fontSize\":\"16px\"}}} -->\n<li style=\"font-size: 16px;\">Chef des Personnel Administratif de la Facult\u00e9, Supervise toutes les taches administratives et fin<\/li>\n<!-- \/wp:list-item --><\/ul>\n<!-- \/wp:list --><\/div>\n<!-- \/wp:column --><\/div>\n<!-- \/wp:columns --><!-- wp:columns {\"align\":\"wide\",\"backgroundColor\":\"white\"} -->\n<div class=\"wp-block-columns alignwide has-white-background-color has-background\"><!-- wp:column {\"width\":\"50%\"} -->\n<div class=\"wp-block-column\" style=\"flex-basis: 50%;\"><!-- wp:gallery {\"linkTo\":\"none\"} -->\n<figure class=\"wp-block-gallery has-nested-images columns-default is-cropped\"><!-- wp:image {\"id\":880,\"sizeSlug\":\"full\",\"linkDestination\":\"none\"} -->\n<figure class=\"wp-block-image size-full\"><img decoding=\"async\" class=\"wp-image-880\" src=\"https:\/\/www.unikin.ac.cd\/fac\/fpsysed\/wp-content\/uploads\/2023\/08\/WhatsApp-Image-2023-08-23-at-10.29.10.jpeg\" alt=\"\" \/><\/figure>\n<!-- \/wp:image --><\/figure>\n<!-- \/wp:gallery --><!-- wp:paragraph -->\n<p><strong>Monsieur l&rsquo;Appariteur MOYO Macaire<\/strong><\/p>\n<!-- \/wp:paragraph --><\/div>\n<!-- \/wp:column --><!-- wp:column {\"width\":\"50%\"} -->\n<div class=\"wp-block-column\" style=\"flex-basis: 50%;\"><!-- wp:paragraph {\"placeholder\":\"Contenu\u2026\"} -->\n<p>description du Personnel<\/p>\n<!-- \/wp:paragraph --><\/div>\n<!-- \/wp:column --><\/div>\n<!-- \/wp:columns --><!-- wp:columns {\"align\":\"wide\",\"backgroundColor\":\"cyan-bluish-gray\"} -->\n<div class=\"wp-block-columns alignwide has-cyan-bluish-gray-background-color has-background\"><!-- wp:column {\"width\":\"50%\"} -->\n<div class=\"wp-block-column\" style=\"flex-basis: 50%;\"><!-- wp:gallery {\"linkTo\":\"none\"} -->\n<figure class=\"wp-block-gallery has-nested-images columns-default is-cropped\"><!-- wp:image {\"id\":329,\"sizeSlug\":\"full\",\"linkDestination\":\"none\"} -->\n<figure class=\"wp-block-image size-full\"><img decoding=\"async\" width=\"297\" height=\"170\" class=\"wp-image-329\" src=\"https:\/\/www.unikin.ac.cd\/fac\/fpsysed\/wp-content\/uploads\/2023\/06\/telechargement-2.jpg\" alt=\"\" \/><\/figure>\n<!-- \/wp:image --><\/figure>\n<!-- \/wp:gallery --><!-- wp:paragraph -->\n<p>\u00a0<\/p>\n<!-- \/wp:paragraph --><\/div>\n<!-- \/wp:column --><!-- wp:column {\"width\":\"50%\"} -->\n<div class=\"wp-block-column\" style=\"flex-basis: 50%;\"><!-- wp:paragraph {\"placeholder\":\"Contenu\u2026\"} -->\n<p>description du Personnel<\/p>\n<!-- \/wp:paragraph --><\/div>\n<!-- \/wp:column --><\/div>\n<!-- \/wp:columns --><!-- wp:paragraph {\"style\":{\"color\":{\"background\":\"#0d0b61f5\"}},\"textColor\":\"white\",\"fontSize\":\"small\"} -->\n<p class=\"has-white-color has-text-color has-background has-small-font-size\" style=\"background-color: #0d0b61f5;\">Huissiers<\/p>\n<!-- \/wp:paragraph --><!-- wp:group {\"layout\":{\"type\":\"constrained\"}} -->\n<div class=\"wp-block-group\"><!-- wp:separator --><hr class=\"wp-block-separator has-alpha-channel-opacity\" \/><!-- \/wp:separator --><\/div>\n<!-- \/wp:group --><!-- wp:social-links {\"openInNewTab\":true,\"size\":\"has-normal-icon-size\",\"className\":\"is-style-default\",\"layout\":{\"type\":\"flex\",\"justifyContent\":\"left\",\"flexWrap\":\"wrap\"}} -->\n<ul class=\"wp-block-social-links has-normal-icon-size is-style-default\"><!-- wp:social-link {\"url\":\"www.facebook.com\",\"service\":\"facebook\"} \/--><!-- wp:social-link {\"url\":\"www.gmail.com\",\"service\":\"google\"} \/--><!-- wp:social-link {\"url\":\"www.youtube.com\",\"service\":\"youtube\"} \/--><!-- wp:social-link {\"url\":\"www.Linkedl.co\",\"service\":\"linkedin\"} \/--><!-- wp:social-link {\"url\":\"https:\/\/twitter.com\/FpseUnikin\",\"service\":\"twitter\"} \/--><!-- wp:social-link {\"url\":\"www.instagra\u00f9\",\"service\":\"instagram\"} \/--><\/ul>\n<!-- \/wp:social-links -->\t\t\t\t\t\t<\/div>\n\t\t\t\t<\/div>\n\t\t\t\t\t<\/div>\n\t\t\t\t<\/div>\n\t\t\t\t<\/div>\n\t\t","protected":false},"excerpt":{"rendered":"<p>Le Bureau du Doyen de la Facult\u00e9 de Psychologie et Science de l&rsquo; \u00c9ducation de l\u2019Universit\u00e9 de Kinshasa. Monsieur Bienvenu KANDALA FANDIDI Ngiang DOYEN \u00a0 \u00a0 Secr\u00e9taire du doyen Le nom du personne \u00a0 R\u00f4le a jouer dans le bureau Secr\u00e9taire Acad\u00e9mique et Financier le nom du Gestionnaire Secr\u00e9taire Administratif Financier Il est attach\u00e9 au&hellip; <br \/> <a class=\"read-more\" href=\"https:\/\/www.unikin.ac.cd\/fac\/fpsysed\/?page_id=38\">Lire la suite<\/a><\/p>\n","protected":false},"author":3,"featured_media":97,"parent":0,"menu_order":31,"comment_status":"closed","ping_status":"closed","template":"","meta":{"footnotes":""},"class_list":["post-38","page","type-page","status-publish","has-post-thumbnail","hentry"],"_links":{"self":[{"href":"https:\/\/www.unikin.ac.cd\/fac\/fpsysed\/index.php?rest_route=\/wp\/v2\/pages\/38"}],"collection":[{"href":"https:\/\/www.unikin.ac.cd\/fac\/fpsysed\/index.php?rest_route=\/wp\/v2\/pages"}],"about":[{"href":"https:\/\/www.unikin.ac.cd\/fac\/fpsysed\/index.php?rest_route=\/wp\/v2\/types\/page"}],"author":[{"embeddable":true,"href":"https:\/\/www.unikin.ac.cd\/fac\/fpsysed\/index.php?rest_route=\/wp\/v2\/users\/3"}],"replies":[{"embeddable":true,"href":"https:\/\/www.unikin.ac.cd\/fac\/fpsysed\/index.php?rest_route=%2Fwp%2Fv2%2Fcomments&post=38"}],"version-history":[{"count":134,"href":"https:\/\/www.unikin.ac.cd\/fac\/fpsysed\/index.php?rest_route=\/wp\/v2\/pages\/38\/revisions"}],"predecessor-version":[{"id":2470,"href":"https:\/\/www.unikin.ac.cd\/fac\/fpsysed\/index.php?rest_route=\/wp\/v2\/pages\/38\/revisions\/2470"}],"wp:featuredmedia":[{"embeddable":true,"href":"https:\/\/www.unikin.ac.cd\/fac\/fpsysed\/index.php?rest_route=\/wp\/v2\/media\/97"}],"wp:attachment":[{"href":"https:\/\/www.unikin.ac.cd\/fac\/fpsysed\/index.php?rest_route=%2Fwp%2Fv2%2Fmedia&parent=38"}],"curies":[{"name":"wp","href":"https:\/\/api.w.org\/{rel}","templated":true}]}}