{"id":57,"date":"2023-06-03T10:07:15","date_gmt":"2023-06-03T08:07:15","guid":{"rendered":"https:\/\/www.unikin.ac.cd\/fac\/fpsysed\/?page_id=57"},"modified":"2023-12-07T07:42:31","modified_gmt":"2023-12-07T06:42:31","slug":"gestion-des-entreprises","status":"publish","type":"page","link":"https:\/\/www.unikin.ac.cd\/fac\/fpsysed\/?page_id=57","title":{"rendered":"D\u00e9partement de Gestion\u00a0\u00a0 des\u00a0\u00a0 Entreprises Et Organisation du Travail"},"content":{"rendered":"\n<hr class=\"wp-block-separator has-alpha-channel-opacity\"\/>\n\n\n\n<p id=\"block-5d0c04da-530f-4aac-8028-15b03e7ea0ca\"><em>Le D\u00e9partement est l\u2019unit\u00e9 de base de l\u2019enseignement et de la recherche jouissant d\u2019une autonomie de gestion.<\/em><\/p>\n\n\n\n<p id=\"block-32433056-aabd-4629-85b3-df0f9e0205ba\">La Facult\u00e9 de Psychologie et des Sciences de l&rsquo;Eduction compte, \u00e0 ce jour, 4 d\u00e9partements dirig\u00e9s, chacun, par un bureau constitu\u00e9 du chef de d\u00e9partement assist\u00e9 de deux secr\u00e9taires charg\u00e9s respectivement de l\u2019enseignement et de la recherche.<\/p>\n\n\n\n<p>Le D\u00e9partement de Gestion des Entreprises et Organisation du Travail est dirig\u00e9 par un comit\u00e9 restreint de trois personnes pour un mandat de trois ans renouvelable.<\/p>\n\n\n\n<p id=\"block-a196b33d-7b1f-4f5b-8b7f-bd8ae472d8f5\">Il s\u2019agit du:<\/p>\n\n\n\n<figure class=\"wp-block-table has-medium-font-size\" style=\"font-style:normal;font-weight:700\"><table class=\"has-black-color has-text-color has-link-color\"><thead><tr><th>Libelle<\/th><th>Noms et Postnoms<\/th><\/tr><\/thead><tbody><tr><td>&#8211; <strong>Chef &nbsp;de D\u00e9partement&nbsp;&nbsp;<\/strong><br><strong>&#8211; Secr\u00e9taire charg\u00e9 de&nbsp; l\u2019Enseignement&nbsp;&nbsp;<\/strong><br><strong>&#8211; Secr\u00e9taire charg\u00e9 de la Recherche&nbsp;&nbsp;&nbsp;<\/strong><\/td><td><strong>&nbsp;&nbsp;&nbsp;Prof. <\/strong>Prof. Jacqueline Luhahi Nembe<br><strong>&nbsp;&nbsp;&nbsp;<\/strong>Prof. Fran\u00e7ois-Xavier Lang<br><strong>&nbsp;&nbsp;&nbsp;<\/strong>Dr. Remo Yossa Michel<\/td><\/tr><\/tbody><\/table><\/figure>\n\n\n\n<p>Chaque d\u00e9partement dispose de deux organes ; \u00e0 savoir le Conseil et le Bureau du d\u00e9partement.<br>Le Conseil de d\u00e9partement est constitu\u00e9 du personnel acad\u00e9mique, de chefs de travaux, de deux repr\u00e9sentants \u00e9lus des assistants et de deux repr\u00e9sentants \u00e9lus des \u00e9tudiants.<br><\/p>\n\n\n\n<figure class=\"wp-block-gallery has-nested-images columns-default is-cropped wp-block-gallery-1 is-layout-flex wp-block-gallery-is-layout-flex\">\n<figure data-wp-context=\"{&quot;uploadedSrc&quot;:&quot;https:\\\/\\\/www.unikin.ac.cd\\\/fac\\\/fpsysed\\\/wp-content\\\/uploads\\\/2023\\\/12\\\/Prof-Jaqueline.webp&quot;,&quot;figureClassNames&quot;:&quot;wp-block-image size-full is-style-default&quot;,&quot;figureStyles&quot;:null,&quot;imgClassNames&quot;:&quot;wp-image-1369&quot;,&quot;imgStyles&quot;:null,&quot;targetWidth&quot;:500,&quot;targetHeight&quot;:600,&quot;scaleAttr&quot;:false,&quot;ariaLabel&quot;:&quot;Agrandir l\\u2018image&quot;,&quot;alt&quot;:&quot;&quot;}\" data-wp-interactive=\"core\/image\" class=\"wp-block-image size-full is-style-default wp-lightbox-container\"><img fetchpriority=\"high\" decoding=\"async\" width=\"500\" height=\"600\" data-wp-init=\"callbacks.setButtonStyles\" data-wp-on-async--click=\"actions.showLightbox\" data-wp-on-async--load=\"callbacks.setButtonStyles\" data-wp-on-async-window--resize=\"callbacks.setButtonStyles\" data-id=\"1369\" src=\"https:\/\/www.unikin.ac.cd\/fac\/fpsysed\/wp-content\/uploads\/2023\/12\/Prof-Jaqueline.webp\" alt=\"\" class=\"wp-image-1369\" srcset=\"https:\/\/www.unikin.ac.cd\/fac\/fpsysed\/wp-content\/uploads\/2023\/12\/Prof-Jaqueline.webp 500w, https:\/\/www.unikin.ac.cd\/fac\/fpsysed\/wp-content\/uploads\/2023\/12\/Prof-Jaqueline-250x300.webp 250w\" sizes=\"(max-width: 500px) 100vw, 500px\" \/><button\n\t\t\tclass=\"lightbox-trigger\"\n\t\t\ttype=\"button\"\n\t\t\taria-haspopup=\"dialog\"\n\t\t\taria-label=\"Agrandir l\u2018image\"\n\t\t\tdata-wp-init=\"callbacks.initTriggerButton\"\n\t\t\tdata-wp-on-async--click=\"actions.showLightbox\"\n\t\t\tdata-wp-style--right=\"context.imageButtonRight\"\n\t\t\tdata-wp-style--top=\"context.imageButtonTop\"\n\t\t>\n\t\t\t<svg xmlns=\"http:\/\/www.w3.org\/2000\/svg\" width=\"12\" height=\"12\" fill=\"none\" viewBox=\"0 0 12 12\">\n\t\t\t\t<path fill=\"#fff\" d=\"M2 0a2 2 0 0 0-2 2v2h1.5V2a.5.5 0 0 1 .5-.5h2V0H2Zm2 10.5H2a.5.5 0 0 1-.5-.5V8H0v2a2 2 0 0 0 2 2h2v-1.5ZM8 12v-1.5h2a.5.5 0 0 0 .5-.5V8H12v2a2 2 0 0 1-2 2H8Zm2-12a2 2 0 0 1 2 2v2h-1.5V2a.5.5 0 0 0-.5-.5H8V0h2Z\" \/>\n\t\t\t<\/svg>\n\t\t<\/button><figcaption class=\"wp-element-caption\">Chef de D\u00e9partement<\/figcaption><\/figure>\n\n\n\n<figure class=\"wp-block-image size-full is-style-default\"><img decoding=\"async\" width=\"500\" height=\"605\" data-id=\"1371\" src=\"https:\/\/www.unikin.ac.cd\/fac\/fpsysed\/wp-content\/uploads\/2023\/12\/IMG-20230101-WA0071.webp\" alt=\"\" class=\"wp-image-1371\" srcset=\"https:\/\/www.unikin.ac.cd\/fac\/fpsysed\/wp-content\/uploads\/2023\/12\/IMG-20230101-WA0071.webp 500w, https:\/\/www.unikin.ac.cd\/fac\/fpsysed\/wp-content\/uploads\/2023\/12\/IMG-20230101-WA0071-248x300.webp 248w\" sizes=\"(max-width: 500px) 100vw, 500px\" \/><figcaption class=\"wp-element-caption\">Secr\u00e9taire charg\u00e9 de l&rsquo;Enseignement<\/figcaption><\/figure>\n\n\n\n<figure class=\"wp-block-image size-full is-style-default\"><img decoding=\"async\" width=\"500\" height=\"600\" data-id=\"1372\" src=\"https:\/\/www.unikin.ac.cd\/fac\/fpsysed\/wp-content\/uploads\/2023\/12\/prof-remo-oksite.webp\" alt=\"\" class=\"wp-image-1372\" srcset=\"https:\/\/www.unikin.ac.cd\/fac\/fpsysed\/wp-content\/uploads\/2023\/12\/prof-remo-oksite.webp 500w, https:\/\/www.unikin.ac.cd\/fac\/fpsysed\/wp-content\/uploads\/2023\/12\/prof-remo-oksite-250x300.webp 250w\" sizes=\"(max-width: 500px) 100vw, 500px\" \/><figcaption class=\"wp-element-caption\">Secr\u00e9taire charg\u00e9 de la Recherche<\/figcaption><\/figure>\n<\/figure>\n\n\n<a class=\"wp-block-read-more\" href=\"https:\/\/www.unikin.ac.cd\/fac\/fpsysed\/?page_id=57\" target=\"_blank\">Lire la suite<span class=\"screen-reader-text\">\u00a0: D\u00e9partement de Gestion\u00a0\u00a0 des\u00a0\u00a0 Entreprises Et Organisation du Travail<\/span><\/a>\n\n\n<div class=\"wp-block-buttons has-custom-font-size has-small-font-size is-content-justification-center is-layout-flex wp-container-core-buttons-is-layout-1 wp-block-buttons-is-layout-flex\">\n<div class=\"wp-block-button has-custom-width wp-block-button__width-25 is-style-outline is-style-outline--956ea82bac4b61a2da12834b2d6346b3\"><a class=\"wp-block-button__link has-vivid-cyan-blue-color has-text-color has-link-color wp-element-button\" href=\"https:\/\/geot-unikin.net\">Plus infos <\/a><\/div>\n<\/div>\n\n\n\n<p><\/p>\n\n\n\n<p><\/p>\n","protected":false},"excerpt":{"rendered":"<p>Le D\u00e9partement est l\u2019unit\u00e9 de base de l\u2019enseignement et de la recherche jouissant d\u2019une autonomie de gestion. La Facult\u00e9 de Psychologie et des Sciences de l&rsquo;Eduction compte, \u00e0 ce jour, 4 d\u00e9partements dirig\u00e9s, chacun, par un bureau constitu\u00e9 du chef de d\u00e9partement assist\u00e9 de deux secr\u00e9taires charg\u00e9s respectivement de l\u2019enseignement et de la recherche. Le&hellip; <br \/> <a class=\"read-more\" href=\"https:\/\/www.unikin.ac.cd\/fac\/fpsysed\/?page_id=57\">Lire la suite<\/a><\/p>\n","protected":false},"author":1,"featured_media":1328,"parent":0,"menu_order":0,"comment_status":"closed","ping_status":"closed","template":"","meta":{"footnotes":""},"class_list":["post-57","page","type-page","status-publish","has-post-thumbnail","hentry"],"_links":{"self":[{"href":"https:\/\/www.unikin.ac.cd\/fac\/fpsysed\/index.php?rest_route=\/wp\/v2\/pages\/57"}],"collection":[{"href":"https:\/\/www.unikin.ac.cd\/fac\/fpsysed\/index.php?rest_route=\/wp\/v2\/pages"}],"about":[{"href":"https:\/\/www.unikin.ac.cd\/fac\/fpsysed\/index.php?rest_route=\/wp\/v2\/types\/page"}],"author":[{"embeddable":true,"href":"https:\/\/www.unikin.ac.cd\/fac\/fpsysed\/index.php?rest_route=\/wp\/v2\/users\/1"}],"replies":[{"embeddable":true,"href":"https:\/\/www.unikin.ac.cd\/fac\/fpsysed\/index.php?rest_route=%2Fwp%2Fv2%2Fcomments&post=57"}],"version-history":[{"count":16,"href":"https:\/\/www.unikin.ac.cd\/fac\/fpsysed\/index.php?rest_route=\/wp\/v2\/pages\/57\/revisions"}],"predecessor-version":[{"id":1381,"href":"https:\/\/www.unikin.ac.cd\/fac\/fpsysed\/index.php?rest_route=\/wp\/v2\/pages\/57\/revisions\/1381"}],"wp:featuredmedia":[{"embeddable":true,"href":"https:\/\/www.unikin.ac.cd\/fac\/fpsysed\/index.php?rest_route=\/wp\/v2\/media\/1328"}],"wp:attachment":[{"href":"https:\/\/www.unikin.ac.cd\/fac\/fpsysed\/index.php?rest_route=%2Fwp%2Fv2%2Fmedia&parent=57"}],"curies":[{"name":"wp","href":"https:\/\/api.w.org\/{rel}","templated":true}]}}