{"id":88,"date":"2023-06-03T10:30:19","date_gmt":"2023-06-03T08:30:19","guid":{"rendered":"https:\/\/www.unikin.ac.cd\/fac\/fpsysed\/?page_id=88"},"modified":"2023-09-01T06:24:37","modified_gmt":"2023-09-01T04:24:37","slug":"bibliotheque-facultaire","status":"publish","type":"page","link":"https:\/\/www.unikin.ac.cd\/fac\/fpsysed\/?page_id=88","title":{"rendered":"Biblioth\u00e8que Facultaire"},"content":{"rendered":"\n<div class=\"wp-block-cover\" style=\"min-height:736px;aspect-ratio:unset;\"><span aria-hidden=\"true\" class=\"wp-block-cover__background has-background-dim-30 has-background-dim\"><\/span><img fetchpriority=\"high\" decoding=\"async\" width=\"1280\" height=\"1280\" class=\"wp-block-cover__image-background wp-image-924\" alt=\"\" src=\"https:\/\/www.unikin.ac.cd\/fac\/fpsysed\/wp-content\/uploads\/2023\/08\/WhatsApp-Image-2023-08-30-at-08.34.27.jpeg\" data-object-fit=\"cover\" srcset=\"https:\/\/www.unikin.ac.cd\/fac\/fpsysed\/wp-content\/uploads\/2023\/08\/WhatsApp-Image-2023-08-30-at-08.34.27.jpeg 1280w, https:\/\/www.unikin.ac.cd\/fac\/fpsysed\/wp-content\/uploads\/2023\/08\/WhatsApp-Image-2023-08-30-at-08.34.27-300x300.jpeg 300w, https:\/\/www.unikin.ac.cd\/fac\/fpsysed\/wp-content\/uploads\/2023\/08\/WhatsApp-Image-2023-08-30-at-08.34.27-1024x1024.jpeg 1024w, https:\/\/www.unikin.ac.cd\/fac\/fpsysed\/wp-content\/uploads\/2023\/08\/WhatsApp-Image-2023-08-30-at-08.34.27-150x150.jpeg 150w, https:\/\/www.unikin.ac.cd\/fac\/fpsysed\/wp-content\/uploads\/2023\/08\/WhatsApp-Image-2023-08-30-at-08.34.27-768x768.jpeg 768w\" sizes=\"(max-width: 1280px) 100vw, 1280px\" \/><div class=\"wp-block-cover__inner-container is-layout-constrained wp-block-cover-is-layout-constrained\">\n<h4 class=\"wp-block-heading has-text-align-center has-x-large-font-size\">Pr\u00e9sentation de la Biblioth\u00e8que de la Facult\u00e9 de<strong> <\/strong>Psychologie et des Sciences de l&rsquo;Education <\/h4>\n\n\n\n<p>Etant une biblioth\u00e8que sp\u00e9cialis\u00e9e au sein d\u2019une Universit\u00e9 qui a une biblioth\u00e8que centrale et pluridisciplinaire, 10 biblioth\u00e8ques des Facult\u00e9s et 6 des Centres de recherche et grandes \u00e9coles, la biblioth\u00e8que de la Facult\u00e9 de Psychologie ne poss\u00e8de que les collections en rapport avec les options en cadre dans la domaine de l&rsquo;\u00e9ducation.<\/p>\n\n\n\n<p><\/p>\n<\/div><\/div>\n\n\n\n<ul class=\"wp-block-list\">\n<li><\/li>\n<\/ul>\n\n\n\n<div class=\"wp-block-media-text is-stacked-on-mobile is-vertically-aligned-top is-image-fill\" style=\"grid-template-columns:45% auto\"><figure class=\"wp-block-media-text__media\" style=\"background-image:url(https:\/\/www.unikin.ac.cd\/fac\/fpsysed\/wp-content\/uploads\/2023\/08\/WhatsApp-Image-2023-08-30-at-08.34.27-1024x1024.jpeg);background-position:50% 30%\"><img decoding=\"async\" width=\"1024\" height=\"1024\" src=\"https:\/\/www.unikin.ac.cd\/fac\/fpsysed\/wp-content\/uploads\/2023\/08\/WhatsApp-Image-2023-08-30-at-08.34.27-1024x1024.jpeg\" alt=\"\" class=\"wp-image-924 size-full\" srcset=\"https:\/\/www.unikin.ac.cd\/fac\/fpsysed\/wp-content\/uploads\/2023\/08\/WhatsApp-Image-2023-08-30-at-08.34.27-1024x1024.jpeg 1024w, https:\/\/www.unikin.ac.cd\/fac\/fpsysed\/wp-content\/uploads\/2023\/08\/WhatsApp-Image-2023-08-30-at-08.34.27-300x300.jpeg 300w, https:\/\/www.unikin.ac.cd\/fac\/fpsysed\/wp-content\/uploads\/2023\/08\/WhatsApp-Image-2023-08-30-at-08.34.27-150x150.jpeg 150w, https:\/\/www.unikin.ac.cd\/fac\/fpsysed\/wp-content\/uploads\/2023\/08\/WhatsApp-Image-2023-08-30-at-08.34.27-768x768.jpeg 768w, https:\/\/www.unikin.ac.cd\/fac\/fpsysed\/wp-content\/uploads\/2023\/08\/WhatsApp-Image-2023-08-30-at-08.34.27.jpeg 1280w\" sizes=\"(max-width: 1024px) 100vw, 1024px\" \/><\/figure><div class=\"wp-block-media-text__content\">\n<ol class=\"wp-block-list\">\n<li><strong>Historique<\/strong><\/li>\n<\/ol>\n\n\n\n<div class=\"wp-block-group has-small-font-size\"><div class=\"wp-block-group__inner-container is-layout-constrained wp-block-group-is-layout-constrained\">\n<p>r\u00e9forme universitaire de 1971 qui cr\u00e9a&nbsp; l\u2019Universit\u00e9 Nationale du Za\u00efre, UNAZA en sigle. Ensuite, elle fut transf\u00e9r\u00e9e depuis cette r\u00e9forme dans son emplacement actuel, occupant ainsi les locaux de la Facult\u00e9 de Philosophie et Lettres, transf\u00e9r\u00e9e \u00e0 la faveur de la cr\u00e9atio<\/p>\n\n\n\n<p><strong>2. Missions<\/strong><\/p>\n\n\n\n<p>La Biblioth\u00e8que de la Facult\u00e9 de Droit de l\u2019Universit\u00e9 de Kinshasa a pour mission de garantir un acc\u00e8s efficace \u00e0 une documentation pertinente pour tous les membres de la facult\u00e9, enseignants, chefs des travaux, assistants, \u00e9tudiants et agents membres du personnel administratif.<\/p>\n\n\n\n<p>Cette mission s\u2019exerce en :<\/p>\n\n\n\n<ul class=\"wp-block-list\">\n<li>pr\u00e9parant la politique documentaire de la Facult\u00e9&nbsp;;<\/li>\n\n\n\n<li>Coordonnant les moyens correspondants (veiller \u00e0 l\u2019\u00e9quilibre formation\/recherche) et \u00e9valuant les services offerts aux usagers&nbsp;;<\/li>\n\n\n\n<li>fournissant un acc\u00e8s s\u00e9curis\u00e9 et nomade \u00e0 la documentation num\u00e9rique pour tous les membres de la communaut\u00e9 universitaire,<\/li>\n\n\n\n<li>faisant fonctionner une biblioth\u00e8que offrant aux \u00e9tudiants et aux enseignants-chercheurs un lieu de travail comprenant des ressources documentaires et une aide \u00e0 leur utilisation&nbsp;;<\/li>\n\n\n\n<li><\/li>\n<\/ul>\n<\/div><\/div>\n<\/div><\/div>\n\n\n\n<hr class=\"wp-block-separator has-alpha-channel-opacity\"\/>\n\n\n\n<div class=\"wp-block-buttons is-content-justification-right is-layout-flex wp-container-core-buttons-is-layout-1 wp-block-buttons-is-layout-flex\">\n<div class=\"wp-block-button has-custom-width wp-block-button__width-25 has-custom-font-size has-small-font-size\"><a class=\"wp-block-button__link has-background wp-element-button\" href=\"https:\/\/www.unikin.ac.cd\/fac\/fpsysed\/bibliotheque-facultaire\/bibliotheque-facultaire\/\" style=\"border-radius:1px;background-color:#abcee4\">suivent<\/a><\/div>\n<\/div>\n","protected":false},"excerpt":{"rendered":"","protected":false},"author":3,"featured_media":97,"parent":0,"menu_order":0,"comment_status":"closed","ping_status":"closed","template":"","meta":{"footnotes":""},"class_list":["post-88","page","type-page","status-publish","has-post-thumbnail","hentry"],"_links":{"self":[{"href":"https:\/\/www.unikin.ac.cd\/fac\/fpsysed\/index.php?rest_route=\/wp\/v2\/pages\/88"}],"collection":[{"href":"https:\/\/www.unikin.ac.cd\/fac\/fpsysed\/index.php?rest_route=\/wp\/v2\/pages"}],"about":[{"href":"https:\/\/www.unikin.ac.cd\/fac\/fpsysed\/index.php?rest_route=\/wp\/v2\/types\/page"}],"author":[{"embeddable":true,"href":"https:\/\/www.unikin.ac.cd\/fac\/fpsysed\/index.php?rest_route=\/wp\/v2\/users\/3"}],"replies":[{"embeddable":true,"href":"https:\/\/www.unikin.ac.cd\/fac\/fpsysed\/index.php?rest_route=%2Fwp%2Fv2%2Fcomments&post=88"}],"version-history":[{"count":15,"href":"https:\/\/www.unikin.ac.cd\/fac\/fpsysed\/index.php?rest_route=\/wp\/v2\/pages\/88\/revisions"}],"predecessor-version":[{"id":961,"href":"https:\/\/www.unikin.ac.cd\/fac\/fpsysed\/index.php?rest_route=\/wp\/v2\/pages\/88\/revisions\/961"}],"wp:featuredmedia":[{"embeddable":true,"href":"https:\/\/www.unikin.ac.cd\/fac\/fpsysed\/index.php?rest_route=\/wp\/v2\/media\/97"}],"wp:attachment":[{"href":"https:\/\/www.unikin.ac.cd\/fac\/fpsysed\/index.php?rest_route=%2Fwp%2Fv2%2Fmedia&parent=88"}],"curies":[{"name":"wp","href":"https:\/\/api.w.org\/{rel}","templated":true}]}}