{"id":933,"date":"2023-08-31T17:50:00","date_gmt":"2023-08-31T15:50:00","guid":{"rendered":"https:\/\/www.unikin.ac.cd\/fac\/fpsysed\/?page_id=933"},"modified":"2024-04-14T21:09:26","modified_gmt":"2024-04-14T19:09:26","slug":"bibliotheque-facultaire","status":"publish","type":"page","link":"https:\/\/www.unikin.ac.cd\/fac\/fpsysed\/?page_id=933","title":{"rendered":"les Anales de la Facult\u00e9 de Psychologie"},"content":{"rendered":"\n<figure class=\"wp-block-gallery has-nested-images columns-default is-cropped has-background wp-block-gallery-1 is-layout-flex wp-block-gallery-is-layout-flex\" style=\"background-color:#f78da870\">\n<figure class=\"wp-block-image size-large is-resized is-style-rounded\"><a href=\"https:\/\/www.unikin.ac.cd\/fac\/fpsysed\/?attachment_id=1172\"><img fetchpriority=\"high\" decoding=\"async\" width=\"1024\" height=\"704\" data-id=\"1172\" src=\"https:\/\/www.unikin.ac.cd\/fac\/fpsysed\/wp-content\/uploads\/2023\/09\/AA1-1024x704.png\" alt=\"\" class=\"wp-image-1172\" style=\"object-fit:cover;width:250px;height:200px\" srcset=\"https:\/\/www.unikin.ac.cd\/fac\/fpsysed\/wp-content\/uploads\/2023\/09\/AA1-1024x704.png 1024w, https:\/\/www.unikin.ac.cd\/fac\/fpsysed\/wp-content\/uploads\/2023\/09\/AA1-300x206.png 300w, https:\/\/www.unikin.ac.cd\/fac\/fpsysed\/wp-content\/uploads\/2023\/09\/AA1-768x528.png 768w, https:\/\/www.unikin.ac.cd\/fac\/fpsysed\/wp-content\/uploads\/2023\/09\/AA1-1536x1056.png 1536w, https:\/\/www.unikin.ac.cd\/fac\/fpsysed\/wp-content\/uploads\/2023\/09\/AA1.png 1890w\" sizes=\"(max-width: 1024px) 100vw, 1024px\" \/><\/a><figcaption class=\"wp-element-caption\"><a href=\"https:\/\/droit-unikin.ac.cd\/wp-content\/uploads\/2022\/08\/1-Editorial-2017-2018.pdf\" data-type=\"link\" data-id=\"https:\/\/droit-unikin.ac.cd\/wp-content\/uploads\/2022\/08\/1-Editorial-2017-2018.pdf\">Telecharger<\/a><\/figcaption><\/figure>\n\n\n\n<figure class=\"wp-block-image size-large is-resized is-style-rounded\"><a href=\"https:\/\/www.unikin.ac.cd\/fac\/fpsysed\/?attachment_id=1172\"><img fetchpriority=\"high\" decoding=\"async\" width=\"1024\" height=\"704\" data-id=\"1172\" src=\"https:\/\/www.unikin.ac.cd\/fac\/fpsysed\/wp-content\/uploads\/2023\/09\/AA1-1024x704.png\" alt=\"\" class=\"wp-image-1172\" style=\"object-fit:cover;width:250px;height:200px\" srcset=\"https:\/\/www.unikin.ac.cd\/fac\/fpsysed\/wp-content\/uploads\/2023\/09\/AA1-1024x704.png 1024w, https:\/\/www.unikin.ac.cd\/fac\/fpsysed\/wp-content\/uploads\/2023\/09\/AA1-300x206.png 300w, https:\/\/www.unikin.ac.cd\/fac\/fpsysed\/wp-content\/uploads\/2023\/09\/AA1-768x528.png 768w, https:\/\/www.unikin.ac.cd\/fac\/fpsysed\/wp-content\/uploads\/2023\/09\/AA1-1536x1056.png 1536w, https:\/\/www.unikin.ac.cd\/fac\/fpsysed\/wp-content\/uploads\/2023\/09\/AA1.png 1890w\" sizes=\"(max-width: 1024px) 100vw, 1024px\" \/><\/a><figcaption class=\"wp-element-caption\"><a href=\"https:\/\/droit-unikin.ac.cd\/wp-content\/uploads\/2022\/08\/1-Editorial-2017-2018.pdf\" data-type=\"link\" data-id=\"https:\/\/droit-unikin.ac.cd\/wp-content\/uploads\/2022\/08\/1-Editorial-2017-2018.pdf\">Telecharger<\/a><\/figcaption><\/figure>\n\n\n\n<figure class=\"wp-block-image size-large is-resized is-style-rounded\"><a href=\"https:\/\/www.unikin.ac.cd\/fac\/fpsysed\/?attachment_id=1172\"><img fetchpriority=\"high\" decoding=\"async\" width=\"1024\" height=\"704\" data-id=\"1172\" src=\"https:\/\/www.unikin.ac.cd\/fac\/fpsysed\/wp-content\/uploads\/2023\/09\/AA1-1024x704.png\" alt=\"\" class=\"wp-image-1172\" style=\"object-fit:cover;width:250px;height:200px\" srcset=\"https:\/\/www.unikin.ac.cd\/fac\/fpsysed\/wp-content\/uploads\/2023\/09\/AA1-1024x704.png 1024w, https:\/\/www.unikin.ac.cd\/fac\/fpsysed\/wp-content\/uploads\/2023\/09\/AA1-300x206.png 300w, https:\/\/www.unikin.ac.cd\/fac\/fpsysed\/wp-content\/uploads\/2023\/09\/AA1-768x528.png 768w, https:\/\/www.unikin.ac.cd\/fac\/fpsysed\/wp-content\/uploads\/2023\/09\/AA1-1536x1056.png 1536w, https:\/\/www.unikin.ac.cd\/fac\/fpsysed\/wp-content\/uploads\/2023\/09\/AA1.png 1890w\" sizes=\"(max-width: 1024px) 100vw, 1024px\" \/><\/a><figcaption class=\"wp-element-caption\"><a href=\"https:\/\/droit-unikin.ac.cd\/wp-content\/uploads\/2022\/08\/1-Editorial-2017-2018.pdf\" data-type=\"link\" data-id=\"https:\/\/droit-unikin.ac.cd\/wp-content\/uploads\/2022\/08\/1-Editorial-2017-2018.pdf\">Telecharger<\/a><\/figcaption><\/figure>\n\n\n\n<figure class=\"wp-block-image size-large is-resized is-style-rounded\"><a href=\"https:\/\/www.unikin.ac.cd\/fac\/fpsysed\/?attachment_id=1172\"><img fetchpriority=\"high\" decoding=\"async\" width=\"1024\" height=\"704\" data-id=\"1172\" src=\"https:\/\/www.unikin.ac.cd\/fac\/fpsysed\/wp-content\/uploads\/2023\/09\/AA1-1024x704.png\" alt=\"\" class=\"wp-image-1172\" style=\"object-fit:cover;width:250px;height:200px\" srcset=\"https:\/\/www.unikin.ac.cd\/fac\/fpsysed\/wp-content\/uploads\/2023\/09\/AA1-1024x704.png 1024w, https:\/\/www.unikin.ac.cd\/fac\/fpsysed\/wp-content\/uploads\/2023\/09\/AA1-300x206.png 300w, https:\/\/www.unikin.ac.cd\/fac\/fpsysed\/wp-content\/uploads\/2023\/09\/AA1-768x528.png 768w, https:\/\/www.unikin.ac.cd\/fac\/fpsysed\/wp-content\/uploads\/2023\/09\/AA1-1536x1056.png 1536w, https:\/\/www.unikin.ac.cd\/fac\/fpsysed\/wp-content\/uploads\/2023\/09\/AA1.png 1890w\" sizes=\"(max-width: 1024px) 100vw, 1024px\" \/><\/a><figcaption class=\"wp-element-caption\"><a href=\"https:\/\/droit-unikin.ac.cd\/wp-content\/uploads\/2022\/08\/1-Editorial-2017-2018.pdf\" data-type=\"link\" data-id=\"https:\/\/droit-unikin.ac.cd\/wp-content\/uploads\/2022\/08\/1-Editorial-2017-2018.pdf\">Telecharger<\/a><\/figcaption><\/figure>\n\n\n\n<figure class=\"wp-block-image size-large is-resized is-style-rounded\"><a href=\"https:\/\/www.unikin.ac.cd\/fac\/fpsysed\/?attachment_id=1172\"><img fetchpriority=\"high\" decoding=\"async\" width=\"1024\" height=\"704\" data-id=\"1172\" src=\"https:\/\/www.unikin.ac.cd\/fac\/fpsysed\/wp-content\/uploads\/2023\/09\/AA1-1024x704.png\" alt=\"\" class=\"wp-image-1172\" style=\"object-fit:cover;width:250px;height:200px\" srcset=\"https:\/\/www.unikin.ac.cd\/fac\/fpsysed\/wp-content\/uploads\/2023\/09\/AA1-1024x704.png 1024w, https:\/\/www.unikin.ac.cd\/fac\/fpsysed\/wp-content\/uploads\/2023\/09\/AA1-300x206.png 300w, https:\/\/www.unikin.ac.cd\/fac\/fpsysed\/wp-content\/uploads\/2023\/09\/AA1-768x528.png 768w, https:\/\/www.unikin.ac.cd\/fac\/fpsysed\/wp-content\/uploads\/2023\/09\/AA1-1536x1056.png 1536w, https:\/\/www.unikin.ac.cd\/fac\/fpsysed\/wp-content\/uploads\/2023\/09\/AA1.png 1890w\" sizes=\"(max-width: 1024px) 100vw, 1024px\" \/><\/a><figcaption class=\"wp-element-caption\"><a href=\"https:\/\/droit-unikin.ac.cd\/wp-content\/uploads\/2022\/08\/1-Editorial-2017-2018.pdf\" data-type=\"link\" data-id=\"https:\/\/droit-unikin.ac.cd\/wp-content\/uploads\/2022\/08\/1-Editorial-2017-2018.pdf\">Telecharger<\/a><\/figcaption><\/figure>\n\n\n\n<figure class=\"wp-block-image size-large is-resized is-style-rounded\"><a href=\"https:\/\/www.unikin.ac.cd\/fac\/fpsysed\/?attachment_id=1172\"><img fetchpriority=\"high\" decoding=\"async\" width=\"1024\" height=\"704\" data-id=\"1172\" src=\"https:\/\/www.unikin.ac.cd\/fac\/fpsysed\/wp-content\/uploads\/2023\/09\/AA1-1024x704.png\" alt=\"\" class=\"wp-image-1172\" style=\"object-fit:cover;width:250px;height:200px\" srcset=\"https:\/\/www.unikin.ac.cd\/fac\/fpsysed\/wp-content\/uploads\/2023\/09\/AA1-1024x704.png 1024w, https:\/\/www.unikin.ac.cd\/fac\/fpsysed\/wp-content\/uploads\/2023\/09\/AA1-300x206.png 300w, https:\/\/www.unikin.ac.cd\/fac\/fpsysed\/wp-content\/uploads\/2023\/09\/AA1-768x528.png 768w, https:\/\/www.unikin.ac.cd\/fac\/fpsysed\/wp-content\/uploads\/2023\/09\/AA1-1536x1056.png 1536w, https:\/\/www.unikin.ac.cd\/fac\/fpsysed\/wp-content\/uploads\/2023\/09\/AA1.png 1890w\" sizes=\"(max-width: 1024px) 100vw, 1024px\" \/><\/a><figcaption class=\"wp-element-caption\"><a href=\"https:\/\/droit-unikin.ac.cd\/wp-content\/uploads\/2022\/08\/1-Editorial-2017-2018.pdf\" data-type=\"link\" data-id=\"https:\/\/droit-unikin.ac.cd\/wp-content\/uploads\/2022\/08\/1-Editorial-2017-2018.pdf\">Telecharger<\/a><\/figcaption><\/figure>\n<\/figure>\n\n\n\n<hr class=\"wp-block-separator has-alpha-channel-opacity\"\/>\n\n\n\n<div class=\"wp-block-media-text has-media-on-the-right is-image-fill\" style=\"grid-template-columns:auto 49%\"><div class=\"wp-block-media-text__content\">\n<p style=\"font-size:15px\"><strong>&nbsp;4. Structure<\/strong><\/p>\n\n\n\n<h2 class=\"wp-block-heading\"><strong>Le<\/strong>&nbsp;<strong>service administratif,<\/strong><\/h2>\n\n\n\n<div class=\"wp-block-group is-vertical is-layout-flex wp-container-core-group-is-layout-1 wp-block-group-is-layout-flex\">\n<p style=\"font-size:14px\">Assure la gestion administrative et financi\u00e8re du service et la gestion des agents administratifs qui y prestent et;<\/p>\n\n\n\n<h2 class=\"wp-block-heading\"><strong>Le service scientifique et technique<\/strong><\/h2>\n\n\n\n<p style=\"font-size:13px\">Traite et coordonne l\u2019offre documentaire. Elle acquiert, g\u00e8re, traite, signale et communique les documents et ressources d\u2019information principalement sur support papier ; participe \u00e0 l\u2019enrichissement du catalogue collectif de l\u2019universit\u00e9 (aujourd\u2019hui invisible) ; accueille les usagers et organise les espaces de travail et de consultation.&nbsp;<\/p>\n\n\n\n<p style=\"font-size:14px\">Elle mesure&nbsp;240 m\u00b2 de surface avec salle de lecture \u00e0 la mezzanine. Cette derni\u00e8re a 200 places assises. La biblioth\u00e8que n\u2019ouvre que 30 heures par semaine&nbsp;de lundi \u00e0 vendredi.&nbsp;<\/p>\n<\/div>\n<\/div><figure class=\"wp-block-media-text__media\" style=\"background-image:url(https:\/\/www.unikin.ac.cd\/fac\/fpsysed\/wp-content\/uploads\/2023\/08\/IMG_20230629_143946_078-300x225.jpg);background-position:20% 40%\"><img decoding=\"async\" width=\"300\" height=\"225\" src=\"https:\/\/www.unikin.ac.cd\/fac\/fpsysed\/wp-content\/uploads\/2023\/08\/IMG_20230629_143946_078-300x225.jpg\" alt=\"\" class=\"wp-image-840 size-medium\" srcset=\"https:\/\/www.unikin.ac.cd\/fac\/fpsysed\/wp-content\/uploads\/2023\/08\/IMG_20230629_143946_078-300x225.jpg 300w, https:\/\/www.unikin.ac.cd\/fac\/fpsysed\/wp-content\/uploads\/2023\/08\/IMG_20230629_143946_078-1024x768.jpg 1024w, https:\/\/www.unikin.ac.cd\/fac\/fpsysed\/wp-content\/uploads\/2023\/08\/IMG_20230629_143946_078-768x576.jpg 768w, https:\/\/www.unikin.ac.cd\/fac\/fpsysed\/wp-content\/uploads\/2023\/08\/IMG_20230629_143946_078-1536x1152.jpg 1536w, https:\/\/www.unikin.ac.cd\/fac\/fpsysed\/wp-content\/uploads\/2023\/08\/IMG_20230629_143946_078-2048x1536.jpg 2048w\" sizes=\"(max-width: 300px) 100vw, 300px\" \/><\/figure><\/div>\n\n\n\n<hr class=\"wp-block-separator has-alpha-channel-opacity\"\/>\n\n\n\n<div class=\"wp-block-buttons is-content-justification-right is-layout-flex wp-container-core-buttons-is-layout-1 wp-block-buttons-is-layout-flex\">\n<div class=\"wp-block-button has-custom-font-size is-style-outline has-small-font-size is-style-outline--ecf25acee578bf0da14a99a3a4905176\"><a class=\"wp-block-button__link has-white-color has-text-color has-background wp-element-button\" href=\"https:\/\/www.unikin.ac.cd\/fac\/fpsysed\/bibliotheque-facultaire\/)\" style=\"border-radius:1px;background-color:#6faed2\">Pr\u00e9c\u00e9dent<\/a><\/div>\n<\/div>\n\n\n\n<div class=\"wp-block-group alignfull has-text-color has-background\" style=\"color:#000000;background-color:#ffffff\"><div class=\"wp-block-group__inner-container is-layout-flow wp-block-group-is-layout-flow\">\n<div style=\"height:64px\" aria-hidden=\"true\" class=\"wp-block-spacer\"><\/div>\n\n\n\n<p class=\"has-text-align-center has-small-font-size\" style=\"line-height:.9\"><strong>Contactez nous<\/strong><\/p>\n\n\n\n<h2 class=\"wp-block-heading has-text-align-center\" id=\"schedule-a-visit\" style=\"font-size:59px;line-height:1.15\"><strong>Pr\u00e9voir une visite<\/strong><\/h2>\n\n\n\n<div class=\"wp-block-buttons is-horizontal is-content-justification-center is-layout-flex wp-container-core-buttons-is-layout-2 wp-block-buttons-is-layout-flex\">\n<div class=\"wp-block-button has-custom-width wp-block-button__width-50\"><a class=\"wp-block-button__link has-text-color has-background wp-element-button\" style=\"border-radius:50px;color:#ffffff;background-color:#000000\">Contactez-nous<\/a><\/div>\n<\/div>\n\n\n\n<div style=\"height:64px\" aria-hidden=\"true\" class=\"wp-block-spacer\"><\/div>\n<\/div><\/div>\n\n\n\n<div class=\"wp-block-buttons is-layout-flex wp-block-buttons-is-layout-flex\"><\/div>\n","protected":false},"excerpt":{"rendered":"<p>Contactez nous Pr\u00e9voir une visite<\/p>\n","protected":false},"author":1,"featured_media":97,"parent":88,"menu_order":1,"comment_status":"closed","ping_status":"closed","template":"","meta":{"footnotes":""},"class_list":["post-933","page","type-page","status-publish","has-post-thumbnail","hentry"],"_links":{"self":[{"href":"https:\/\/www.unikin.ac.cd\/fac\/fpsysed\/index.php?rest_route=\/wp\/v2\/pages\/933"}],"collection":[{"href":"https:\/\/www.unikin.ac.cd\/fac\/fpsysed\/index.php?rest_route=\/wp\/v2\/pages"}],"about":[{"href":"https:\/\/www.unikin.ac.cd\/fac\/fpsysed\/index.php?rest_route=\/wp\/v2\/types\/page"}],"author":[{"embeddable":true,"href":"https:\/\/www.unikin.ac.cd\/fac\/fpsysed\/index.php?rest_route=\/wp\/v2\/users\/1"}],"replies":[{"embeddable":true,"href":"https:\/\/www.unikin.ac.cd\/fac\/fpsysed\/index.php?rest_route=%2Fwp%2Fv2%2Fcomments&post=933"}],"version-history":[{"count":32,"href":"https:\/\/www.unikin.ac.cd\/fac\/fpsysed\/index.php?rest_route=\/wp\/v2\/pages\/933\/revisions"}],"predecessor-version":[{"id":1897,"href":"https:\/\/www.unikin.ac.cd\/fac\/fpsysed\/index.php?rest_route=\/wp\/v2\/pages\/933\/revisions\/1897"}],"up":[{"embeddable":true,"href":"https:\/\/www.unikin.ac.cd\/fac\/fpsysed\/index.php?rest_route=\/wp\/v2\/pages\/88"}],"wp:featuredmedia":[{"embeddable":true,"href":"https:\/\/www.unikin.ac.cd\/fac\/fpsysed\/index.php?rest_route=\/wp\/v2\/media\/97"}],"wp:attachment":[{"href":"https:\/\/www.unikin.ac.cd\/fac\/fpsysed\/index.php?rest_route=%2Fwp%2Fv2%2Fmedia&parent=933"}],"curies":[{"name":"wp","href":"https:\/\/api.w.org\/{rel}","templated":true}]}}