{"id":20,"date":"2023-07-20T16:12:02","date_gmt":"2023-07-20T14:12:02","guid":{"rendered":"https:\/\/www.unikin.ac.cd\/fac\/fssap\/?page_id=20"},"modified":"2023-07-20T16:12:02","modified_gmt":"2023-07-20T14:12:02","slug":"recherches","status":"publish","type":"page","link":"https:\/\/www.unikin.ac.cd\/fac\/fssap\/recherches\/","title":{"rendered":"Recherches"},"content":{"rendered":"<p style=\"text-align: justify;\">La Facult\u00e9 des Sciences Sociales, Administratives et Politiques de l\u2019Universit\u00e9 de Kinshasa organise la recherche scientifique dans diff\u00e9rents domaines sociaux. Cette recherche est organis\u00e9e \u00e0 travers ses D\u00e9partements et les Centres de recherche qui lui sont rattach\u00e9s. Les r\u00e9sultats de ces diff\u00e9rentes recherches sont publi\u00e9s dans les revues.<\/p>\n<table width=\"0\">\n<tbody>\n<tr>\n<td width=\"161\"><strong>D\u00e9partements\/ Centres de recherche<\/strong><\/td>\n<td width=\"142\"><strong>Revue<\/strong><\/td>\n<td width=\"137\"><strong>Directeur de publication \/Editeur<\/strong><\/td>\n<td width=\"156\"><strong>Th\u00e9matique de Recherche<\/strong><\/td>\n<td width=\"57\"><strong>Obs<\/strong><\/td>\n<\/tr>\n<tr>\n<td width=\"161\">FSSAP<\/td>\n<td width=\"142\">Annale de la FSSAP<\/td>\n<td width=\"137\">P.O. Anselme Meya Ngemba, Doyen de la Facult\u00e9<\/td>\n<td width=\"156\">Tout fait et\/ou ph\u00e9nom\u00e8ne social<\/td>\n<td width=\"57\">&nbsp;<\/td>\n<\/tr>\n<tr>\n<td width=\"161\">D\u00e9partement de Sociologie<\/td>\n<td width=\"142\">Cahier congolais de Sociologie<\/td>\n<td width=\"137\">Prof. Kituku Kinzonzi Emery, Chef de D\u00e9partement de Sociologie<\/td>\n<td width=\"156\">Questions de soci\u00e9t\u00e9<\/td>\n<td width=\"57\">&nbsp;<\/td>\n<\/tr>\n<tr>\n<td width=\"161\">D\u00e9partement des Sciences politiques<\/td>\n<td width=\"142\">Cahier congolais de Sciences Politiques<\/td>\n<td width=\"137\">Prof. Mutach Yav Rish Naw<\/td>\n<td width=\"156\">Politique et administration<\/td>\n<td width=\"57\">&nbsp;<\/td>\n<\/tr>\n<tr>\n<td width=\"161\">\u00a0Centre Interdisciplinaire d\u2019Etudes et de Documentation Sociales (CIEDOS)<\/td>\n<td width=\"142\">Cahier du CIEDOS<\/td>\n<td width=\"137\">Prof. Banyaku<\/td>\n<td width=\"156\">Questions sociales<\/td>\n<td width=\"57\">&nbsp;<\/td>\n<\/tr>\n<tr>\n<td width=\"161\">Centre d\u2019Etudes Politiques (CEP)<\/td>\n<td width=\"142\">Cahier du CEP<\/td>\n<td width=\"137\">Prof. Omasombo<\/td>\n<td width=\"156\">Etudes politiques<\/td>\n<td width=\"57\">&nbsp;<\/td>\n<\/tr>\n<tr>\n<td width=\"161\">Centre de Coordination des Recherches et de Documentation en Sciences Sociales pour l\u2019Afrique Subsaharienne (CERDAS)<\/p>\n<p>&nbsp;<\/td>\n<td width=\"142\">Revue Africaine des Sciences Sociales et Humaines<\/td>\n<td width=\"137\">Prof. Lapika<\/td>\n<td width=\"156\">Savoirs endog\u00e8nes et d\u00e9veloppement<\/p>\n<p>&nbsp;<\/td>\n<td width=\"57\">&nbsp;<\/td>\n<\/tr>\n<tr>\n<td width=\"161\">Laboratoire des Politiques Publiques en Appui \u00e0 la D\u00e9centralisation en Afrique (LAPADA)<\/td>\n<td width=\"142\">Revue du LAPADA<\/td>\n<td width=\"137\">Prof. Meya<\/td>\n<td width=\"156\">Politiques publiques de l\u2019Etat et\u00a0 des E.T.P<\/td>\n<td width=\"57\">&nbsp;<\/td>\n<\/tr>\n<tr>\n<td width=\"161\">Laboratoire d\u2019Anthropologie contemporaine et de d\u00e9veloppement<\/p>\n<p>(LACDEV)<\/td>\n<td width=\"142\">Revue de LACDEV<\/td>\n<td width=\"137\">Prof. Ipara<\/td>\n<td width=\"156\">Savoir endog\u00e8ne, modernit\u00e9 et d\u00e9veloppement<\/td>\n<td width=\"57\">&nbsp;<\/td>\n<\/tr>\n<tr>\n<td width=\"161\">Observatoire Interdisciplinaire du Religieux (O.I.R\/RDC)<\/td>\n<td width=\"142\">Cahier Interdisciplinaire<\/p>\n<p>Des Religions<\/p>\n<p>www.oir-rdc.com<\/td>\n<td width=\"137\">Prof. Mwene Batende<\/p>\n<p>&nbsp;<\/td>\n<td width=\"156\">Ph\u00e9nom\u00e8ne religieux<\/td>\n<td width=\"57\">&nbsp;<\/td>\n<\/tr>\n<tr>\n<td width=\"161\">Observatoire de Gouvernance (O.G)<\/td>\n<td width=\"142\">Revue de l\u2019O.G<\/td>\n<td width=\"137\">Prof. Musao<\/td>\n<td width=\"156\">Gouvernance et politique publique<\/td>\n<td width=\"57\">&nbsp;<\/td>\n<\/tr>\n<tr>\n<td width=\"161\">Chaire de la dynamique sociale (CDS)<\/td>\n<td width=\"142\">Revue Internationale des Dynamiques sociales<\/td>\n<td width=\"137\">Prof. Shomba<\/p>\n<p>&nbsp;<\/p>\n<p>&nbsp;<\/td>\n<td width=\"156\">Mouvements et enjeux sociaux<\/td>\n<td width=\"57\">&nbsp;<\/td>\n<\/tr>\n<tr>\n<td width=\"161\">Centre de Recherche Ind\u00e9pendant et Interdisciplinaire Congolais (CRIIC)<\/td>\n<td width=\"142\">Regard lucide<\/td>\n<td width=\"137\">Prof Ebweme<\/p>\n<p>&nbsp;<\/p>\n<p>&nbsp;<\/td>\n<td width=\"156\">Interdisciplinarit\u00e9<\/td>\n<td width=\"57\">&nbsp;<\/td>\n<\/tr>\n<tr>\n<td width=\"161\">Le Carrefour congolais<\/td>\n<td width=\"142\">Cahier du carrefour congolais<\/td>\n<td width=\"137\">Prof. Ndaya<\/p>\n<p>&nbsp;<\/p>\n<p>&nbsp;<\/td>\n<td width=\"156\">Savoir congolais<\/td>\n<td width=\"57\">&nbsp;<\/td>\n<\/tr>\n<tr>\n<td width=\"161\">Centre de Recherche en Sciences Sociales de l\u2019environnement (CRESSE)<\/td>\n<td width=\"142\">Revue du CRESSE<\/td>\n<td width=\"137\">Prof. Ngoy Colby<\/td>\n<td width=\"156\">Socio anthropologie de l\u2019environnement, communication environnementale, \u00e9ducation environnementale, diplomatie de l\u2019environnement, etc.<\/td>\n<td width=\"57\">&nbsp;<\/td>\n<\/tr>\n<tr>\n<td width=\"161\">Centre de Recherche Interdisciplinaire en Sciences du Travail (CRIST)<\/td>\n<td width=\"142\">Revue de CRIST<\/td>\n<td width=\"137\">Prof. Muluma<\/p>\n<p>&nbsp;<\/p>\n<p>&nbsp;<\/td>\n<td width=\"156\">Le monde du travail<\/td>\n<td width=\"57\">&nbsp;<\/td>\n<\/tr>\n<tr>\n<td width=\"161\">Ecole des penseurs de l\u2019UNIKIN (EPUK)<\/td>\n<td width=\"142\">Revue de l\u2019EPUK<\/td>\n<td width=\"137\">Prof. Aundu<\/p>\n<p>Prof. Mukulu<\/p>\n<p>&nbsp;<\/p>\n<p>&nbsp;<\/td>\n<td width=\"156\">Soci\u00e9t\u00e9s et pouvoir-Etat<\/td>\n<td width=\"57\">&nbsp;<\/td>\n<\/tr>\n<\/tbody>\n<\/table>\n","protected":false},"excerpt":{"rendered":"<p>La Facult\u00e9 des Sciences Sociales, Administratives et Politiques de l\u2019Universit\u00e9 de Kinshasa organise la recherche scientifique dans diff\u00e9rents domaines sociaux. Cette recherche est organis\u00e9e \u00e0 travers ses D\u00e9partements et les [&hellip;]<\/p>\n","protected":false},"author":1,"featured_media":0,"parent":0,"menu_order":0,"comment_status":"closed","ping_status":"closed","template":"","meta":{"footnotes":""},"class_list":["post-20","page","type-page","status-publish","hentry"],"_links":{"self":[{"href":"https:\/\/www.unikin.ac.cd\/fac\/fssap\/wp-json\/wp\/v2\/pages\/20","targetHints":{"allow":["GET"]}}],"collection":[{"href":"https:\/\/www.unikin.ac.cd\/fac\/fssap\/wp-json\/wp\/v2\/pages"}],"about":[{"href":"https:\/\/www.unikin.ac.cd\/fac\/fssap\/wp-json\/wp\/v2\/types\/page"}],"author":[{"embeddable":true,"href":"https:\/\/www.unikin.ac.cd\/fac\/fssap\/wp-json\/wp\/v2\/users\/1"}],"replies":[{"embeddable":true,"href":"https:\/\/www.unikin.ac.cd\/fac\/fssap\/wp-json\/wp\/v2\/comments?post=20"}],"version-history":[{"count":1,"href":"https:\/\/www.unikin.ac.cd\/fac\/fssap\/wp-json\/wp\/v2\/pages\/20\/revisions"}],"predecessor-version":[{"id":21,"href":"https:\/\/www.unikin.ac.cd\/fac\/fssap\/wp-json\/wp\/v2\/pages\/20\/revisions\/21"}],"wp:attachment":[{"href":"https:\/\/www.unikin.ac.cd\/fac\/fssap\/wp-json\/wp\/v2\/media?parent=20"}],"curies":[{"name":"wp","href":"https:\/\/api.w.org\/{rel}","templated":true}]}}