{"id":6,"date":"2023-07-20T14:59:02","date_gmt":"2023-07-20T12:59:02","guid":{"rendered":"https:\/\/www.unikin.ac.cd\/fac\/fssap\/?page_id=6"},"modified":"2023-07-20T14:59:03","modified_gmt":"2023-07-20T12:59:03","slug":"historique","status":"publish","type":"page","link":"https:\/\/www.unikin.ac.cd\/fac\/fssap\/historique\/","title":{"rendered":"Historique"},"content":{"rendered":"\n<p>Les sciences sociales, telles qu\u2019\u00e9rig\u00e9es en facult\u00e9 aujourd\u2019hui \u00e0 l\u2019Universit\u00e9 de Kinshasa fonctionnaient d\u00e9j\u00e0 dans cet \u00e9tablissement lorsque celui-ci s\u2019appelait encore \u00ab&nbsp;Universit\u00e9 Lovanium&nbsp;\u00bb. La facult\u00e9 des Sciences Sociales de l\u2019\u00e9poque portait la d\u00e9nomination officielle des Sciences Politiques, Sociales et Economiques jusqu\u2019en 1969.<\/p>\n\n\n\n<p>A la suite des \u00e9v\u00e9nements du 04 juin 1969 qui avaient abouti aux massacres des \u00e9tudiants et \u00e0 la fermeture momentan\u00e9e de cette universit\u00e9, la facult\u00e9 perdra l\u2019\u00e9pith\u00e8te de \u00ab&nbsp;politiques&nbsp;\u00bb, et sera d\u00e9nomm\u00e9e Facult\u00e9 des <strong>Sciences Sociales et Economiques<\/strong> jusqu\u2019en 1971.<\/p>\n\n\n\n<p>Avec la r\u00e9forme de l\u2019enseignement sup\u00e9rieur dont les origines remontent pratiquement en 1967-gr\u00e8ve des \u00e9tudiants de janvier 1967- qui avait abouti \u00e0 la suppression des trois Universit\u00e9s du Congo, de l\u2019\u00e9cole nationale de Droit et d\u2019Administration (ENDA) et \u00e0 la cr\u00e9ation de l\u2019Universit\u00e9 Nationale du Za\u00efre (UNAZA) en 1971 avec ses trois Campus et Instituts sup\u00e9rieurs, la Facult\u00e9 des Sciences Sociales et Economiques de Lovanium sera d\u00e9membr\u00e9e en deux facult\u00e9s distinctes \u00e0 l\u2019instar de ce que connaitront les Universit\u00e9s de Lubumbashi (officielle) et de Kisangani (protestante).<\/p>\n\n\n\n<p>Les Sciences Politiques, Sociologiques et Anthropologiques seront transf\u00e9r\u00e9es \u00e0 Lubumbashi (Campus) ainsi que les Dipl\u00f4mes compl\u00e9mentaires des Hautes Etudes Internationales, d\u2019Anthropologie et de Journalisme o\u00f9 elles formeront la nouvelle facult\u00e9 des Sciences Sociales, Administratives et Politiques selon la d\u00e9nomination officielle.<\/p>\n\n\n\n<p>Le Dipl\u00f4me compl\u00e9mentaire des Hautes Etudes Internationales donnera naissance au D\u00e9partement des Relations Internationales, le Dipl\u00f4me de journalisme sera \u00e9rig\u00e9 en Institut Sup\u00e9rieur des Techniques de l\u2019Information (ISTI) et transf\u00e9r\u00e9 \u00e0 Kinshasa, tandis que le dipl\u00f4me compl\u00e9mentaire en Anthropologie Africaine sera supprim\u00e9 \u00e0 Lubumbashi pour laisser la place au d\u00e9partement d\u2019Anthropologie qui fusionnera plus tard avec celui de Sociologie.<\/p>\n\n\n\n<p>Plus d\u2019une vingtaine d\u2019ann\u00e9es s\u2019\u00e9taient \u00e9coul\u00e9es entre le d\u00e9membrement des Universit\u00e9s et facult\u00e9s et la reconstruction de ces derni\u00e8res \u00e0 Kinshasa. Ailleurs, comme \u00e0 Lubumbashi, il faut compter une quinzaine d\u2019ann\u00e9es. Les cadres acad\u00e9miques et scientifiques des diff\u00e9rentes disciplines affect\u00e9es \u00e0 l\u2019int\u00e9rieur du pays multipliaient des d\u00e9marches aupr\u00e8s des instances politiques pour obtenir l\u2019autorisation de faire fonctionner telle ou telle facult\u00e9. Ainsi furent ouvertes les facult\u00e9s de lettres et de psychologie&nbsp;; les d\u00e9partements de biologie, des sciences de la terre et de g\u00e9ographie en 1990.<\/p>\n\n\n\n<p>Pour ce qui est des sciences sociales, les querelles entre le comit\u00e9 de gestion de l\u2019Universit\u00e9 de Kinshasa et le Ministre de tutelle en 1990 aboutissent \u00e0 la suppression de la facult\u00e9 cr\u00e9\u00e9e par le premier organe sur l\u2019autorisation et recommandation du Conseil d\u2019Administration des universit\u00e9s. Ce n\u2019est qu\u2019en 1991 que sera sign\u00e9 par le Ministre Payanzo, l\u2019Arr\u00eat\u00e9 Minist\u00e9riel N\u00b0 ESU\/CABMIN\/0991\/91 portant autorisation de fonctionnement et cr\u00e9ation de la Facult\u00e9 des Sciences Sociales \u00e0 l\u2019Universit\u00e9 de Kinshasa.<\/p>\n\n\n\n<p>La facult\u00e9 a connu successivement les doyens suivants&nbsp;:<\/p>\n\n\n\n<ul class=\"wp-block-list\">\n<li>Professeur Bwendelele (D\u00e9c\u00e9d\u00e9)<\/li>\n\n\n\n<li>Professeur Kuyunsa (D\u00e9c\u00e9d\u00e9)<\/li>\n\n\n\n<li>Professeur Gudijiga<\/li>\n\n\n\n<li>Professeur Shomba<\/li>\n\n\n\n<li>Professeur Labana<\/li>\n\n\n\n<li>Professeur Epee<\/li>\n\n\n\n<li>Professeur Lubanza<\/li>\n\n\n\n<li>Professeur Muluma<\/li>\n\n\n\n<li>Professeur Kazumba<\/li>\n\n\n\n<li>Professeur Meya (en fonction)<\/li>\n<\/ul>\n","protected":false},"excerpt":{"rendered":"<p>Les sciences sociales, telles qu\u2019\u00e9rig\u00e9es en facult\u00e9 aujourd\u2019hui \u00e0 l\u2019Universit\u00e9 de Kinshasa fonctionnaient d\u00e9j\u00e0 dans cet \u00e9tablissement lorsque celui-ci s\u2019appelait encore \u00ab&nbsp;Universit\u00e9 Lovanium&nbsp;\u00bb. La facult\u00e9 des Sciences Sociales de l\u2019\u00e9poque [&hellip;]<\/p>\n","protected":false},"author":1,"featured_media":0,"parent":0,"menu_order":0,"comment_status":"closed","ping_status":"closed","template":"","meta":{"footnotes":""},"class_list":["post-6","page","type-page","status-publish","hentry"],"_links":{"self":[{"href":"https:\/\/www.unikin.ac.cd\/fac\/fssap\/wp-json\/wp\/v2\/pages\/6","targetHints":{"allow":["GET"]}}],"collection":[{"href":"https:\/\/www.unikin.ac.cd\/fac\/fssap\/wp-json\/wp\/v2\/pages"}],"about":[{"href":"https:\/\/www.unikin.ac.cd\/fac\/fssap\/wp-json\/wp\/v2\/types\/page"}],"author":[{"embeddable":true,"href":"https:\/\/www.unikin.ac.cd\/fac\/fssap\/wp-json\/wp\/v2\/users\/1"}],"replies":[{"embeddable":true,"href":"https:\/\/www.unikin.ac.cd\/fac\/fssap\/wp-json\/wp\/v2\/comments?post=6"}],"version-history":[{"count":1,"href":"https:\/\/www.unikin.ac.cd\/fac\/fssap\/wp-json\/wp\/v2\/pages\/6\/revisions"}],"predecessor-version":[{"id":7,"href":"https:\/\/www.unikin.ac.cd\/fac\/fssap\/wp-json\/wp\/v2\/pages\/6\/revisions\/7"}],"wp:attachment":[{"href":"https:\/\/www.unikin.ac.cd\/fac\/fssap\/wp-json\/wp\/v2\/media?parent=6"}],"curies":[{"name":"wp","href":"https:\/\/api.w.org\/{rel}","templated":true}]}}