{"id":13,"date":"2023-09-07T17:58:03","date_gmt":"2023-09-07T15:58:03","guid":{"rendered":"https:\/\/www.unikin.ac.cd\/fac\/medecinedentaire\/?page_id=13"},"modified":"2023-09-07T18:03:01","modified_gmt":"2023-09-07T16:03:01","slug":"a-propos","status":"publish","type":"page","link":"https:\/\/www.unikin.ac.cd\/fac\/medecinedentaire\/a-propos\/","title":{"rendered":"A propos"},"content":{"rendered":"\n<p>C\u2019est fut \u00e0 l\u2019initiative du Doyen PUNGA MAOLE en 2017, apr\u00e8s sa participation \u00e0 la conf\u00e9rence des Doyens des facult\u00e9s des M\u00e9decine dentaire au MAROC sous la coordination du Chef de D\u00e9partement \u00e0 l\u2019\u00e9poque Pr Dr Songo BAUKAKA et l\u2019ancien M\u00e9decin directeur Adjoint des CUK\u00a0; Pr Dr LUTLA PENE SHENDE. Le chef de D\u00e9partement d\u2019odontostomatologie, avait sollicit\u00e9 la Cr\u00e9ation et l\u2019agr\u00e9ment de la Facult\u00e9 de M\u00e9decine Dentaire en 2018. Le dossier a \u00e9t\u00e9 valide au conseil Facultaire de la Facult\u00e9 de M\u00e9decine en 2018 sous la gouvernance du Doyen susmentionn\u00e9 et cet avis favorable portant Cr\u00e9ation de la Facult\u00e9 de M\u00e9decine dentaire a \u00e9t\u00e9 transmis au Rectorat \u00e0 la m\u00eame ann\u00e9e par Le Doyen JM KAYEMBE NTUMBA. Et en le 02\/03\/2022, la d\u00e9cision rectorale num\u00e9ro 0032\/UNIKIN\/R\/2022 cr\u00e9e la Facult\u00e9 de M\u00e9decine de l\u2019Universit\u00e9 de Kinshasa apr\u00e8s autorisation du Conseil d\u2019Administration des Universit\u00e9s<\/p>\n\n\n\n<p><strong>VISION:<\/strong><\/p>\n\n\n\n<ul class=\"wp-block-list\">\n<li>Devenir un mod\u00e8le pour la formation des meilleurs dentistes reconnus pour leur excellence et leur conscience professionnelle sociale, gr\u00e2ce \u00e0 l\u2019int\u00e9gration unique de la recherche, de l\u2019enseignement et du service \u00e0 la communaut\u00e9&nbsp;;<\/li>\n\n\n\n<li>Se distinguera par l\u2019influence qu\u2019on doit exercer sur l\u2019am\u00e9lioration de la sant\u00e9 globale des populations.<\/li>\n<\/ul>\n\n\n\n<p><strong>MISSION&nbsp;<\/strong><\/p>\n\n\n\n<ul class=\"wp-block-list\">\n<li>Contribue au d\u00e9veloppement des connaissances en articulant la recherche fondamentale et la recherche clinique, ainsi&nbsp; particip\u00e9 activement \u00e0 la promotion de la sant\u00e9&nbsp;;<\/li>\n\n\n\n<li>Former des professionnels de la sant\u00e9 buccodentaire hautement qualifi\u00e9s et conscients de leur responsabilit\u00e9 sociale de mettre leurs comp\u00e9tences au service de la population&nbsp;;<\/li>\n<\/ul>\n\n\n\n<p><strong>VALEURS&nbsp;<\/strong><\/p>\n\n\n\n<ul class=\"wp-block-list\">\n<li>Respect et ouverture&nbsp;;<\/li>\n\n\n\n<li>Int\u00e9grit\u00e9 et professionnalisme&nbsp;;<\/li>\n\n\n\n<li>Engagement et compassion&nbsp;;<\/li>\n\n\n\n<li>D\u00e9passement et excellence<\/li>\n<\/ul>\n\n\n\n<p><strong>PERSPECTIVE D\u2019AVENIR&nbsp;<\/strong><\/p>\n\n\n\n<p>La Facult\u00e9 de m\u00e9decine dentaire a trac\u00e9 la voie vers la r\u00e9alisation de sa vision par l\u2019\u00e9laboration de &nbsp;4 axes de d\u00e9veloppement identifi\u00e9. Chaque axe&nbsp; am\u00e8ne&nbsp; \u00e0 des&nbsp; objectifs&nbsp; strat\u00e9giques&nbsp; qui&nbsp; se&nbsp; d\u00e9clinent&nbsp; en&nbsp; objectifs op\u00e9rationnels.<\/p>\n\n\n\n<p><strong>Axe 1&nbsp;<\/strong>: D\u00e9veloppement des connaissances<\/p>\n\n\n\n<p><strong>Axe 2&nbsp;: <\/strong>Offre de la formation<\/p>\n\n\n\n<p><strong>Axe 3&nbsp;: <\/strong>Ressources humaine<\/p>\n\n\n\n<p><strong>Axe 4&nbsp;: <\/strong>Positionnement et Rayonnement<\/p>\n","protected":false},"excerpt":{"rendered":"<p>C\u2019est fut \u00e0 l\u2019initiative du Doyen PUNGA MAOLE en 2017, apr\u00e8s sa participation \u00e0 la conf\u00e9rence des Doyens des facult\u00e9s des M\u00e9decine dentaire au MAROC<\/p>\n","protected":false},"author":1,"featured_media":0,"parent":0,"menu_order":0,"comment_status":"closed","ping_status":"closed","template":"","meta":{"footnotes":""},"class_list":["post-13","page","type-page","status-publish","hentry"],"_links":{"self":[{"href":"https:\/\/www.unikin.ac.cd\/fac\/medecinedentaire\/wp-json\/wp\/v2\/pages\/13","targetHints":{"allow":["GET"]}}],"collection":[{"href":"https:\/\/www.unikin.ac.cd\/fac\/medecinedentaire\/wp-json\/wp\/v2\/pages"}],"about":[{"href":"https:\/\/www.unikin.ac.cd\/fac\/medecinedentaire\/wp-json\/wp\/v2\/types\/page"}],"author":[{"embeddable":true,"href":"https:\/\/www.unikin.ac.cd\/fac\/medecinedentaire\/wp-json\/wp\/v2\/users\/1"}],"replies":[{"embeddable":true,"href":"https:\/\/www.unikin.ac.cd\/fac\/medecinedentaire\/wp-json\/wp\/v2\/comments?post=13"}],"version-history":[{"count":3,"href":"https:\/\/www.unikin.ac.cd\/fac\/medecinedentaire\/wp-json\/wp\/v2\/pages\/13\/revisions"}],"predecessor-version":[{"id":17,"href":"https:\/\/www.unikin.ac.cd\/fac\/medecinedentaire\/wp-json\/wp\/v2\/pages\/13\/revisions\/17"}],"wp:attachment":[{"href":"https:\/\/www.unikin.ac.cd\/fac\/medecinedentaire\/wp-json\/wp\/v2\/media?parent=13"}],"curies":[{"name":"wp","href":"https:\/\/api.w.org\/{rel}","templated":true}]}}