{"id":17,"date":"2023-06-12T20:48:29","date_gmt":"2023-06-12T18:48:29","guid":{"rendered":"https:\/\/www.unikin.ac.cd\/fac\/medvet\/?page_id=17"},"modified":"2023-06-12T20:50:36","modified_gmt":"2023-06-12T18:50:36","slug":"a-propos","status":"publish","type":"page","link":"https:\/\/www.unikin.ac.cd\/fac\/medvet\/a-propos\/","title":{"rendered":"A propos"},"content":{"rendered":"\n<p>La Facult\u00e9 de M\u00e9decine V\u00e9t\u00e9rinaire de l\u2019Universit\u00e9 de Kinshasa a \u00e9t\u00e9 cr\u00e9\u00e9e au d\u00e9marrage de l\u2019ann\u00e9e acad\u00e9mique 2009-2010. Du point de vue juridique, elle fonctionnement sous couvert de l\u2019agr\u00e9ment octroy\u00e9 par le Minist\u00e8re de tutelle.<\/p>\n\n\n\n<p><strong>OBJECTIFS INSTITUTIONNELS<\/strong>&nbsp;:<\/p>\n\n\n\n<p>Assurer la formation locale des sp\u00e9cialistes appel\u00e9s \u00e0 contribuer\u00a0:<\/p>\n\n\n\n<ol class=\"wp-block-list\" type=\"1\">\n<li><span style=\"color: initial;\">L\u2019augmentation de la production animale par la r\u00e9duction des pertes li\u00e9es aux maladies animales\u00a0;<\/span><\/li>\n\n\n\n<li><span style=\"color: initial;\">La protection de la population contre les maladies transmissibles de l\u2019Animal \u00e0 l\u2019H\u00f4mme et vice-versa, et par le contr\u00f4le de la qualit\u00e9 des denr\u00e9es alimentaires d\u2019origine animale\u00a0;<\/span><\/li>\n\n\n\n<li>La lutte contre l\u2019ins\u00e9curit\u00e9 alimentaire.<\/li>\n<\/ol>\n\n\n\n<ul class=\"wp-block-list\">\n<li>Contribuer \u00e0 la r\u00e9duction de la pauvret\u00e9 par l\u2019am\u00e9lioration de la productivit\u00e9 animale en milieu p\u00e9ri-urbain et rural;<\/li>\n\n\n\n<li>Former des cadres appel\u00e9s \u00e0 travailler en synergie avec sp\u00e9cialistes d\u2019autres disciplines alli\u00e9es en l\u2019occurrence les professionnels de la Sant\u00e9 Publique (Approche One Health), les Professionnels de l\u2019environnement, les professionnels d\u2019\u00e9levage, les Agronomes, etc.<\/li>\n\n\n\n<li>Doter le pays des sp\u00e9cialistes appel\u00e9s \u00e0 mener de mani\u00e8re approfondie la recherche v\u00e9t\u00e9rinaire&nbsp;;<\/li>\n\n\n\n<li>Doter le pays des cadres appel\u00e9s \u00e0 assurer la continuit\u00e9 de l\u2019enseignement v\u00e9t\u00e9rinaire.<\/li>\n<\/ul>\n","protected":false},"excerpt":{"rendered":"<p>La Facult\u00e9 de M\u00e9decine V\u00e9t\u00e9rinaire de l\u2019Universit\u00e9 de Kinshasa a \u00e9t\u00e9 cr\u00e9\u00e9e au d\u00e9marrage de l\u2019ann\u00e9e acad\u00e9mique 2009-2010. Du point de vue juridique, elle fonctionnement sous couvert de l\u2019agr\u00e9ment octroy\u00e9 [&hellip;]<\/p>\n","protected":false},"author":1,"featured_media":0,"parent":0,"menu_order":0,"comment_status":"closed","ping_status":"closed","template":"","meta":{"footnotes":""},"class_list":["post-17","page","type-page","status-publish","hentry"],"_links":{"self":[{"href":"https:\/\/www.unikin.ac.cd\/fac\/medvet\/wp-json\/wp\/v2\/pages\/17","targetHints":{"allow":["GET"]}}],"collection":[{"href":"https:\/\/www.unikin.ac.cd\/fac\/medvet\/wp-json\/wp\/v2\/pages"}],"about":[{"href":"https:\/\/www.unikin.ac.cd\/fac\/medvet\/wp-json\/wp\/v2\/types\/page"}],"author":[{"embeddable":true,"href":"https:\/\/www.unikin.ac.cd\/fac\/medvet\/wp-json\/wp\/v2\/users\/1"}],"replies":[{"embeddable":true,"href":"https:\/\/www.unikin.ac.cd\/fac\/medvet\/wp-json\/wp\/v2\/comments?post=17"}],"version-history":[{"count":2,"href":"https:\/\/www.unikin.ac.cd\/fac\/medvet\/wp-json\/wp\/v2\/pages\/17\/revisions"}],"predecessor-version":[{"id":21,"href":"https:\/\/www.unikin.ac.cd\/fac\/medvet\/wp-json\/wp\/v2\/pages\/17\/revisions\/21"}],"wp:attachment":[{"href":"https:\/\/www.unikin.ac.cd\/fac\/medvet\/wp-json\/wp\/v2\/media?parent=17"}],"curies":[{"name":"wp","href":"https:\/\/api.w.org\/{rel}","templated":true}]}}