{"id":24,"date":"2023-06-13T07:41:38","date_gmt":"2023-06-13T05:41:38","guid":{"rendered":"https:\/\/www.unikin.ac.cd\/fac\/medvet\/?page_id=24"},"modified":"2023-06-13T07:41:39","modified_gmt":"2023-06-13T05:41:39","slug":"recherches","status":"publish","type":"page","link":"https:\/\/www.unikin.ac.cd\/fac\/medvet\/recherches\/","title":{"rendered":"Recherches"},"content":{"rendered":"\n<p>La Facult\u00e9 de M\u00e9decine V\u00e9t\u00e9rinaire poss\u00e8de un Centre de recherche agr\u00e9\u00e9 d\u00e9nomm\u00e9 CERPSA (Centre d\u2019Etudes, de Recherche et Production en Sant\u00e9 Animale) qui est compos\u00e9 d\u2019unit\u00e9s de recherche ci-dessous&nbsp;:<\/p>\n\n\n\n<ul class=\"wp-block-list\">\n<li>Laboratoire Num\u00e9rique d\u2019Anatomie Pathologique&nbsp;;<\/li>\n\n\n\n<li>Laboratoire de Parasitologie et Mycologie&nbsp;;<\/li>\n\n\n\n<li>Laboratoire de Microbiologie&nbsp;;<\/li>\n\n\n\n<li>Centre d\u2019Etudes et de D\u00e9pistage des Maladies Emergentes et Zoonotiques&nbsp;;<\/li>\n\n\n\n<li>S\u00e9curit\u00e9 Sanitaire, Hygi\u00e8ne et Pharmacovigilance V\u00e9t\u00e9rinaire.<\/li>\n<\/ul>\n","protected":false},"excerpt":{"rendered":"<p>La Facult\u00e9 de M\u00e9decine V\u00e9t\u00e9rinaire poss\u00e8de un Centre de recherche agr\u00e9\u00e9 d\u00e9nomm\u00e9 CERPSA (Centre d\u2019Etudes, de Recherche et Production en Sant\u00e9 Animale) qui est compos\u00e9 d\u2019unit\u00e9s de recherche ci-dessous&nbsp;:<\/p>\n","protected":false},"author":1,"featured_media":0,"parent":0,"menu_order":0,"comment_status":"closed","ping_status":"closed","template":"","meta":{"footnotes":""},"class_list":["post-24","page","type-page","status-publish","hentry"],"_links":{"self":[{"href":"https:\/\/www.unikin.ac.cd\/fac\/medvet\/wp-json\/wp\/v2\/pages\/24","targetHints":{"allow":["GET"]}}],"collection":[{"href":"https:\/\/www.unikin.ac.cd\/fac\/medvet\/wp-json\/wp\/v2\/pages"}],"about":[{"href":"https:\/\/www.unikin.ac.cd\/fac\/medvet\/wp-json\/wp\/v2\/types\/page"}],"author":[{"embeddable":true,"href":"https:\/\/www.unikin.ac.cd\/fac\/medvet\/wp-json\/wp\/v2\/users\/1"}],"replies":[{"embeddable":true,"href":"https:\/\/www.unikin.ac.cd\/fac\/medvet\/wp-json\/wp\/v2\/comments?post=24"}],"version-history":[{"count":1,"href":"https:\/\/www.unikin.ac.cd\/fac\/medvet\/wp-json\/wp\/v2\/pages\/24\/revisions"}],"predecessor-version":[{"id":25,"href":"https:\/\/www.unikin.ac.cd\/fac\/medvet\/wp-json\/wp\/v2\/pages\/24\/revisions\/25"}],"wp:attachment":[{"href":"https:\/\/www.unikin.ac.cd\/fac\/medvet\/wp-json\/wp\/v2\/media?parent=24"}],"curies":[{"name":"wp","href":"https:\/\/api.w.org\/{rel}","templated":true}]}}