{"id":443,"date":"2023-07-20T13:21:05","date_gmt":"2023-07-20T11:21:05","guid":{"rendered":"https:\/\/www.unikin.ac.cd\/fac\/medvet\/?page_id=443"},"modified":"2023-07-20T13:21:05","modified_gmt":"2023-07-20T11:21:05","slug":"programme-des-cours","status":"publish","type":"page","link":"https:\/\/www.unikin.ac.cd\/fac\/medvet\/programme-des-cours\/","title":{"rendered":"Programme des cours"},"content":{"rendered":"<p><strong>Premier et Deuxi\u00e8me Cycles<\/strong><\/p>\n<p>La formation visant ces deux cycles s\u2019\u00e9tend sur 6 ann\u00e9es acad\u00e9miques pour lesquels les cours sont organis\u00e9s comme suit\u00a0:<\/p>\n<table width=\"0\">\n<tbody>\n<tr>\n<td rowspan=\"2\" width=\"27\">N\u00b0<\/td>\n<td rowspan=\"2\" width=\"168\">Intitul\u00e9s des cours<\/td>\n<td colspan=\"3\" width=\"142\">Nombre d&rsquo;heures<\/td>\n<td rowspan=\"2\" width=\"312\">Objectifs des cours<\/td>\n<\/tr>\n<tr>\n<td width=\"47\">H. th<\/td>\n<td width=\"47\">H. pr<\/td>\n<td width=\"47\">Total<\/td>\n<\/tr>\n<tr>\n<td width=\"27\">1<\/td>\n<td width=\"168\">Agrostologie et Botanique<\/td>\n<td width=\"47\">45<\/td>\n<td width=\"47\">30<\/td>\n<td width=\"47\">75<\/td>\n<td width=\"312\">\u00a0Identifier les principaux fourrages sauvages et am\u00e9lior\u00e9s\u00a0et \u00e9viter les plantes toxiques\u00a0;<\/p>\n<p>Connaitre les modalit\u00e9s de conservation des fourrages et leur valeur nutritive ainsi que leur toxicit\u00e9<\/td>\n<\/tr>\n<tr>\n<td width=\"27\">2<\/td>\n<td width=\"168\">Anatomie syst\u00e9matique I<\/td>\n<td width=\"47\">90<\/td>\n<td width=\"47\">45<\/td>\n<td width=\"47\">135<\/td>\n<td width=\"312\">Connaitre les bases anatomiques n\u00e9cessaires et utiles pour l&rsquo;exercice de la clinique en M\u00e9decine V\u00e9t\u00e9rinaire (diagnostic, chirurgie, etc.)<\/td>\n<\/tr>\n<tr>\n<td width=\"27\">3<\/td>\n<td width=\"168\">Anglais<\/td>\n<td width=\"47\">30<\/td>\n<td width=\"47\">0<\/td>\n<td width=\"47\">30<\/td>\n<td width=\"312\">Lire et \u00eatre lu\u00a0; comprendre et \u00eatre compris sur le plan international (l\u2019Anglais devient la langue scientifique sur le plan mondial)<\/td>\n<\/tr>\n<tr>\n<td width=\"27\">4<\/td>\n<td width=\"168\">Biologie<\/td>\n<td width=\"47\">45<\/td>\n<td width=\"47\">30<\/td>\n<td width=\"47\">75<\/td>\n<td width=\"312\">La Biologie est la base des sciences de la vie dont fait partie la M\u00e9decine V\u00e9t\u00e9rinaire<\/td>\n<\/tr>\n<tr>\n<td width=\"27\">5<\/td>\n<td width=\"168\">Chimie g\u00e9n\u00e9rale et organique<\/td>\n<td width=\"47\">75<\/td>\n<td width=\"47\">45<\/td>\n<td width=\"47\">120<\/td>\n<td width=\"312\">&nbsp;<\/td>\n<\/tr>\n<tr>\n<td width=\"27\">6<\/td>\n<td width=\"168\">Climatologie et Ecologie<\/td>\n<td width=\"47\">30<\/td>\n<td width=\"47\">30<\/td>\n<td width=\"47\">60<\/td>\n<td width=\"312\">\u00a0Donner les bases de compr\u00e9hension du syst\u00e8me climatique terrestre\u00a0; \u00a0de d\u00e9tecter, d&rsquo;analyser et de combattre les dysfonctionnements \u00e9ventuels d&rsquo;un \u00e9cosyst\u00e8me.<\/td>\n<\/tr>\n<tr>\n<td width=\"27\">7<\/td>\n<td width=\"168\">Education \u00e0 la Citoyennet\u00e9<\/td>\n<td width=\"47\">30<\/td>\n<td width=\"47\">&#8211;<\/td>\n<td width=\"47\">30<\/td>\n<td width=\"312\">\u00a0Notions de droits et devoirs civiques<\/td>\n<\/tr>\n<tr>\n<td width=\"27\">8<\/td>\n<td width=\"168\">El\u00e9ments de Math\u00e9matique et Statistique<\/td>\n<td width=\"47\">30<\/td>\n<td width=\"47\">15<\/td>\n<td width=\"47\">45<\/td>\n<td width=\"312\">\u00a0Initiation la r\u00e9flexion logique<\/td>\n<\/tr>\n<tr>\n<td width=\"27\">9<\/td>\n<td width=\"168\">Hygi\u00e8ne et Assainissement<\/td>\n<td width=\"47\">\u00a015<\/td>\n<td width=\"47\">\u00a00<\/td>\n<td width=\"47\">15<\/td>\n<td width=\"312\">\u00a0Informations de base sur le respect de l\u2019environnement, l\u2019Eco \u2013 Sant\u00e9,<\/td>\n<\/tr>\n<tr>\n<td width=\"27\">10<\/td>\n<td width=\"168\">Informatique<\/td>\n<td width=\"47\">15<\/td>\n<td width=\"47\">15<\/td>\n<td width=\"47\">30<\/td>\n<td width=\"312\">Utilisation des outils de travail (Ordinateur, Internet)<\/td>\n<\/tr>\n<tr>\n<td width=\"27\">11<\/td>\n<td width=\"168\">Logique et Expression Orale et<br \/>\nEcrite<\/td>\n<td width=\"47\">30<\/td>\n<td width=\"47\">&#8211;<\/td>\n<td width=\"47\">30<\/td>\n<td width=\"312\">Am\u00e9liorer les capacit\u00e9s cognitives<\/td>\n<\/tr>\n<tr>\n<td width=\"27\">12<\/td>\n<td width=\"168\">Physique et Biophysique<\/td>\n<td width=\"47\">45<\/td>\n<td width=\"47\">30<\/td>\n<td width=\"47\">75<\/td>\n<td width=\"312\">\u00a0Principes de base physiques sur le fonctionnement de l\u2019organisme<\/td>\n<\/tr>\n<tr>\n<td width=\"27\">13<\/td>\n<td width=\"168\">VIH\/Sida<\/td>\n<td width=\"47\">\u00a015<\/td>\n<td width=\"47\">0<\/td>\n<td width=\"47\">15<\/td>\n<td width=\"312\">\u00a0Notions g\u00e9n\u00e9rales de pr\u00e9vention du VIH\/Sida<\/td>\n<\/tr>\n<tr>\n<td width=\"27\">14<\/td>\n<td width=\"168\">Zoologie<\/td>\n<td width=\"47\">45<\/td>\n<td width=\"47\">30<\/td>\n<td width=\"47\">75<\/td>\n<td width=\"312\">Acquisitions des notions fondamentales sur les \u00eatres vivants (Procaryotes et eucaryotes)<\/td>\n<\/tr>\n<\/tbody>\n<\/table>\n<p><strong>Premier graduat<\/strong><\/p>\n<p><strong>Deuxi\u00e8me graduat<\/strong><\/p>\n<table width=\"0\">\n<tbody>\n<tr>\n<td rowspan=\"2\" width=\"27\">N\u00b0<\/td>\n<td rowspan=\"2\" width=\"187\">Intitul\u00e9s des cours<\/td>\n<td colspan=\"3\" width=\"100\">Nombre d&rsquo;heures<\/td>\n<td rowspan=\"2\" width=\"373\">Objectifs des cours<\/td>\n<\/tr>\n<tr>\n<td width=\"28\">H. th.<\/td>\n<td width=\"28\">H. pr.<\/td>\n<td width=\"43\">Total<\/td>\n<\/tr>\n<tr>\n<td width=\"27\">1<\/td>\n<td width=\"187\">Anglais<\/td>\n<td width=\"28\">30<\/td>\n<td width=\"28\">0<\/td>\n<td width=\"43\">30<\/td>\n<td width=\"373\">Lire et \u00eatre lu\u00a0; comprendre et \u00eatre compris sur le plan international (l\u2019Anglais devient la langue scientifique sur le plan mondial)<\/td>\n<\/tr>\n<tr>\n<td width=\"27\">2<\/td>\n<td width=\"187\">Anatomie Syst\u00e9matique II<\/td>\n<td width=\"28\">75<\/td>\n<td width=\"28\">45<\/td>\n<td width=\"43\">120<\/td>\n<td width=\"373\">Connaitre les bases anatomiques n\u00e9cessaires et utiles pour l&rsquo;exercice de la clinique en M\u00e9decine V\u00e9t\u00e9rinaire (diagnostic, chirurgie, etc.)<\/td>\n<\/tr>\n<tr>\n<td width=\"27\">3<\/td>\n<td width=\"187\">Biochimie descriptive et m\u00e9tabolique<\/td>\n<td width=\"28\">75<\/td>\n<td width=\"28\">15<\/td>\n<td width=\"43\">90<\/td>\n<td width=\"373\">acqu\u00e9rir les connaissances permettant de comprendre les principales applications v\u00e9t\u00e9rinaires en biochimie<\/p>\n<p>&nbsp;<\/td>\n<\/tr>\n<tr>\n<td width=\"27\">&nbsp;<\/td>\n<td width=\"187\">Biom\u00e9trie et Biostatistique<\/td>\n<td width=\"28\">30<\/td>\n<td width=\"28\">15<\/td>\n<td width=\"43\">45<\/td>\n<td width=\"373\">identifier les cons\u00e9quences de la variabilit\u00e9 biologique et conna\u00eetre les mots et les outils permettant de la d\u00e9crire et de l\u2019analyser de mani\u00e8re simple et utilisable dans la pratique<\/td>\n<\/tr>\n<tr>\n<td width=\"27\">4<\/td>\n<td width=\"187\">Conservation\u00a0 et Protection de la<br \/>\nNature<\/td>\n<td width=\"28\">30<\/td>\n<td width=\"28\">&#8211;<\/td>\n<td width=\"43\">30<\/td>\n<td width=\"373\">Initiation \u00e0 la protection de la Faune Sauvage<\/td>\n<\/tr>\n<tr>\n<td width=\"27\">5<\/td>\n<td width=\"187\">Embryologie<\/td>\n<td width=\"28\">30<\/td>\n<td width=\"28\">15<\/td>\n<td width=\"43\">45<\/td>\n<td width=\"373\">pr\u00e9senter et d\u2019analyser les principes fondamentaux de la biologie du d\u00e9veloppement et de certaines de ses anomalies<\/td>\n<\/tr>\n<tr>\n<td width=\"27\">6<\/td>\n<td width=\"187\">Ethnologie<\/td>\n<td width=\"28\">30<\/td>\n<td width=\"28\">15<\/td>\n<td width=\"43\">45<\/td>\n<td width=\"373\">R\u00e9aliser une diagnose raisonn\u00e9e des races<\/td>\n<\/tr>\n<tr>\n<td width=\"27\">7<\/td>\n<td width=\"187\">Ext\u00e9rieur des Animaux Domestiques<\/td>\n<td width=\"28\">30<\/td>\n<td width=\"28\">15<\/td>\n<td width=\"43\">45<\/td>\n<td width=\"373\">Ma\u00eetriser les r\u00e9gions corporelles et les anomalies morphologiques de l\u2019animal<\/td>\n<\/tr>\n<tr>\n<td width=\"27\">8<\/td>\n<td width=\"187\">G\u00e9n\u00e9tique<\/td>\n<td width=\"28\">45<\/td>\n<td width=\"28\">15<\/td>\n<td width=\"43\">60<\/td>\n<td width=\"373\">acqu\u00e9rir les connaissances permettant de comprendre les principales applications v\u00e9t\u00e9rinaires en g\u00e9n\u00e9tique.<\/td>\n<\/tr>\n<tr>\n<td width=\"27\">9<\/td>\n<td width=\"187\">Histologie<\/td>\n<td width=\"28\">45<\/td>\n<td width=\"28\">15<\/td>\n<td width=\"43\">60<\/td>\n<td width=\"373\">conna\u00eetre la structure histologique, les crit\u00e8res de diagnose des diff\u00e9rents tissus et organes, les fonctions des diff\u00e9rents tissus et organes et identifier les principales cellules ou structures histologiques sur une pr\u00e9paration histologique et un frottis sanguin<\/td>\n<\/tr>\n<tr>\n<td width=\"27\">10<\/td>\n<td width=\"187\">Initiation \u00e0 la Recherche Scientifique<\/td>\n<td width=\"28\">30<\/td>\n<td width=\"28\">&#8211;<\/td>\n<td width=\"43\">30<\/td>\n<td width=\"373\">pouvoir rechercher, identifier et<\/p>\n<p>analyser une information scientifique et technique actualis\u00e9e et pertinente<\/td>\n<\/tr>\n<tr>\n<td width=\"27\">11<\/td>\n<td width=\"187\">Physiologie<\/td>\n<td width=\"28\">75<\/td>\n<td width=\"28\">30<\/td>\n<td width=\"43\">105<\/td>\n<td width=\"373\">comprendre le fonctionnement de l\u2019organisme sain en int\u00e9grant les particularit\u00e9s d\u2019esp\u00e8ces d\u2019int\u00e9r\u00eat v\u00e9t\u00e9rinaire, ses adaptations ainsi que ses principaux dysfonctionnements<\/td>\n<\/tr>\n<tr>\n<td width=\"27\">12<\/td>\n<td width=\"187\">Psychologie G\u00e9n\u00e9rale et Ethologie<\/td>\n<td width=\"28\">30<\/td>\n<td width=\"28\">&#8211;<\/td>\n<td width=\"43\">30<\/td>\n<td width=\"373\">comprendre la vie de relation des animaux d\u2019int\u00e9r\u00eat v\u00e9t\u00e9rinaire afin d\u2019appr\u00e9hender la gen\u00e8se des comportements anormaux et les pr\u00e9venir<\/td>\n<\/tr>\n<tr>\n<td width=\"27\">13<\/td>\n<td width=\"187\">Sociologie rurale<\/td>\n<td width=\"28\">30<\/td>\n<td width=\"28\">&#8211;<\/td>\n<td width=\"43\">30<\/td>\n<td width=\"373\">Travailler en communaut\u00e9 comme agent de d\u00e9veloppement<\/td>\n<\/tr>\n<tr>\n<td width=\"27\">14<\/td>\n<td width=\"187\">&nbsp;<\/td>\n<td width=\"28\">&nbsp;<\/td>\n<td width=\"28\">&nbsp;<\/td>\n<td width=\"43\">&nbsp;<\/td>\n<td width=\"373\">&nbsp;<\/td>\n<\/tr>\n<\/tbody>\n<\/table>\n","protected":false},"excerpt":{"rendered":"<p>Premier et Deuxi\u00e8me Cycles La formation visant ces deux cycles s\u2019\u00e9tend sur 6 ann\u00e9es acad\u00e9miques pour lesquels les cours sont organis\u00e9s comme suit\u00a0: N\u00b0 Intitul\u00e9s des cours Nombre d&rsquo;heures Objectifs [&hellip;]<\/p>\n","protected":false},"author":1,"featured_media":0,"parent":0,"menu_order":0,"comment_status":"closed","ping_status":"closed","template":"","meta":{"footnotes":""},"class_list":["post-443","page","type-page","status-publish","hentry"],"_links":{"self":[{"href":"https:\/\/www.unikin.ac.cd\/fac\/medvet\/wp-json\/wp\/v2\/pages\/443","targetHints":{"allow":["GET"]}}],"collection":[{"href":"https:\/\/www.unikin.ac.cd\/fac\/medvet\/wp-json\/wp\/v2\/pages"}],"about":[{"href":"https:\/\/www.unikin.ac.cd\/fac\/medvet\/wp-json\/wp\/v2\/types\/page"}],"author":[{"embeddable":true,"href":"https:\/\/www.unikin.ac.cd\/fac\/medvet\/wp-json\/wp\/v2\/users\/1"}],"replies":[{"embeddable":true,"href":"https:\/\/www.unikin.ac.cd\/fac\/medvet\/wp-json\/wp\/v2\/comments?post=443"}],"version-history":[{"count":1,"href":"https:\/\/www.unikin.ac.cd\/fac\/medvet\/wp-json\/wp\/v2\/pages\/443\/revisions"}],"predecessor-version":[{"id":444,"href":"https:\/\/www.unikin.ac.cd\/fac\/medvet\/wp-json\/wp\/v2\/pages\/443\/revisions\/444"}],"wp:attachment":[{"href":"https:\/\/www.unikin.ac.cd\/fac\/medvet\/wp-json\/wp\/v2\/media?parent=443"}],"curies":[{"name":"wp","href":"https:\/\/api.w.org\/{rel}","templated":true}]}}